{"id":241,"date":"2024-11-25T10:20:08","date_gmt":"2024-11-25T10:20:08","guid":{"rendered":"https:\/\/thewallstreetfan.com\/?page_id=241"},"modified":"2025-02-20T14:36:20","modified_gmt":"2025-02-20T14:36:20","slug":"web-tv","status":"publish","type":"page","link":"https:\/\/thewallstreetfan.com\/pt\/web-tv\/","title":{"rendered":"WEB TV:\u00a0|UM SERVI\u00c7O \u00daNICO NO MUNDO DO TRADING!"},"content":{"rendered":"\n        <section>\n          <div class=\"normal-container\">\n            <div class=\"container row\">\n              <div class=\"xxl-box\">\n                <p class=\"mt-0\">Se for algo digno de nota, provavelmente voc\u00ea o encontrar\u00e1 no <strong>TC Web TV.<\/strong>\n                  Rep\u00f3rteres profissionais gravam ao vivo da bolsa de valores de Nova York e apresentam as flutua\u00e7\u00f5es do mercado em tempo real, situa\u00e7\u00f5es de negocia\u00e7\u00e3o e oferecem coment\u00e1rios financeiros adequados e profissionais. Todos os ativos populares de negocia\u00e7\u00e3o s\u00e3o analisados, colocados no contexto e acompanhados para que voc\u00ea esteja ciente das suas \u00faltimas atualiza\u00e7\u00f5es e os utilize adequadamente.<\/p>\n                <p>Registre-se na <span class=\"text-bold\">FXORO<\/span> Global hoje ou fa\u00e7a login na sua conta para acessar este recurso!<\/p>\n              <\/div>\n            <\/div>\n          <\/div>\n        <\/section>\n\n        <section>\n          <div class=\"normal-container py-0\">\n            <div class=\"container row\">\n              <div class=\"xxl-box\">\n                <div class=\"second-btn text-center\">\n            <a href=\"https:\/\/my.fxoro.com\/register\/\" target=\"_blank\" class=\"btn\">Registe-se <\/a>\n            <p>Negociar \u00e9 arriscado.<\/p>\n        <\/div>\n              <\/div>\n            <\/div>\n          <\/div>\n        <\/section>\n\n        <section>\n          <div class=\"normal-container\">\n            <div class=\"container row\">\n              <div class=\"xxl-box\">\n                <p class=\"mt-0 text-italic\"><strong>Isen\u00e7\u00e3o de Responsabilidade sobre Riscos:<\/strong> Quaisquer dados, recursos ou\n                  desempenho fornecidos aqui s\u00e3o apenas para fins informativos e, de forma alguma, a FXORO Global fornece ou pretende fornecer\n                  aconselhamento sobre investimentos e\/ou negocia\u00e7\u00f5es nem incentivar e\/ou solicitar que clientes potenciais ou\n                  existentes usem e\/ou assinem qualquer um dos servi\u00e7os\/recursos descritos aqui. O Cliente \u00e9 a \u00fanica pessoa respons\u00e1vel\n                  pela sua atividade de negocia\u00e7\u00e3o, incluindo a escolha do instrumento financeiro, fornecedor de sinais e estrat\u00e9gia\n                  de negocia\u00e7\u00e3o. O desempenho passado n\u00e3o \u00e9 um indicador de resultados futuros.<\/p>\n              <\/div>\n            <\/div>\n          <\/div>\n        <\/section>\n\n","protected":false},"excerpt":{"rendered":"<p>Se for algo digno de nota, provavelmente voc\u00ea o encontrar\u00e1 no TC Web TV. Rep\u00f3rteres profissionais gravam ao vivo da bolsa de valores de Nova York e apresentam as flutua\u00e7\u00f5es do mercado em tempo real, situa\u00e7\u00f5es de negocia\u00e7\u00e3o e oferecem coment\u00e1rios financeiros adequados e profissionais. Todos os ativos populares de negocia\u00e7\u00e3o s\u00e3o analisados, colocados no [&hellip;]<\/p>\n","protected":false},"author":1,"featured_media":0,"parent":0,"menu_order":0,"comment_status":"closed","ping_status":"closed","template":"page-templates\/WebTV.php","meta":{"_acf_changed":false,"footnotes":""},"class_list":["post-241","page","type-page","status-publish","hentry"],"aioseo_notices":[],"acf":[],"_links":{"self":[{"href":"https:\/\/thewallstreetfan.com\/pt\/wp-json\/wp\/v2\/pages\/241","targetHints":{"allow":["GET"]}}],"collection":[{"href":"https:\/\/thewallstreetfan.com\/pt\/wp-json\/wp\/v2\/pages"}],"about":[{"href":"https:\/\/thewallstreetfan.com\/pt\/wp-json\/wp\/v2\/types\/page"}],"author":[{"embeddable":true,"href":"https:\/\/thewallstreetfan.com\/pt\/wp-json\/wp\/v2\/users\/1"}],"replies":[{"embeddable":true,"href":"https:\/\/thewallstreetfan.com\/pt\/wp-json\/wp\/v2\/comments?post=241"}],"version-history":[{"count":2,"href":"https:\/\/thewallstreetfan.com\/pt\/wp-json\/wp\/v2\/pages\/241\/revisions"}],"predecessor-version":[{"id":6795,"href":"https:\/\/thewallstreetfan.com\/pt\/wp-json\/wp\/v2\/pages\/241\/revisions\/6795"}],"wp:attachment":[{"href":"https:\/\/thewallstreetfan.com\/pt\/wp-json\/wp\/v2\/media?parent=241"}],"curies":[{"name":"wp","href":"https:\/\/api.w.org\/{rel}","templated":true}]}}