{"id":239,"date":"2024-11-25T10:19:34","date_gmt":"2024-11-25T10:19:34","guid":{"rendered":"https:\/\/thewallstreetfan.com\/?page_id=239"},"modified":"2025-02-20T14:35:27","modified_gmt":"2025-02-20T14:35:27","slug":"technical-view","status":"publish","type":"page","link":"https:\/\/thewallstreetfan.com\/pt\/technical-view\/","title":{"rendered":"TECHNICAL VIEW:\u00a0|INSIGHTS PROFUNDOS SOBRE A COMPLEXIDADE DE SUA NEGOCIA\u00c7\u00c3O"},"content":{"rendered":"\n<section>\n  <div class=\"normal-container\">\n    <div class=\"container row\">\n      <div class=\"xxl-box\">\n        <p class=\"mt-0\"><strong>O TC Technical View combina a experi\u00eancia de analistas experientes com algoritmos automatizados de ponta<\/strong>, \n        tornando-o a \u00fanica solu\u00e7\u00e3o global de pesquisa de mercado financeiro do seu tipo. Sua tecnologia propriet\u00e1ria de reconhecimento de padr\u00f5es \n        analisa continuamente o mercado, desenvolvendo planos de negocia\u00e7\u00e3o acion\u00e1veis com base em metodologias premiadas. Os t\u00e9cnicos de mercado da Trading Central \n        validam a an\u00e1lise, garantindo que apenas as informa\u00e7\u00f5es mais relevantes sejam publicadas.<\/p>\n        <p>O Technical View fornece uma vis\u00e3o clara do cen\u00e1rio t\u00e9cnico, ajudando voc\u00ea a antecipar as tend\u00eancias futuras do mercado. \n        Sua tecnologia patenteada de reconhecimento de padr\u00f5es escaneia continuamente o mercado, oferecendo <strong>gest\u00e3o abrangente de posi\u00e7\u00f5es em mais de 8.000 instrumentos financeiros.<\/strong><\/p>\n        <p>Registe-se hoje na <span class=\"text-bold\">FXORO<\/span> Global ou fa\u00e7a login na sua conta para acessar este recurso!<\/p>\n      <\/div>\n    <\/div>\n  <\/div>\n<\/section>\n\n<section>\n  <div class=\"normal-container py-0\">\n    <div class=\"container row\">\n      <div class=\"xxl-box\">\n        <div class=\"second-btn text-center\">\n            <a href=\"https:\/\/my.fxoro.com\/register\/\" target=\"_blank\" class=\"btn\">Registe-se <\/a>\n            <p>Negociar \u00e9 arriscado.<\/p>\n        <\/div>\n      <\/div>\n    <\/div>\n  <\/div>\n<\/section>\n\n<section>\n  <div class=\"normal-container\">\n    <div class=\"container row\">\n      <div class=\"xxl-box\">\n      <p class=\"mt-0 text-italic\"><strong>Aviso de Risco:<\/strong> Os dados, recursos ou desempenhos fornecidos aqui s\u00e3o apenas para fins informativos e, em nenhuma circunst\u00e2ncia, \n      <span class=\"text-bold\">FXORO<\/span> Global fornece ou pretende fornecer aconselhamento sobre investimentos e\/ou negocia\u00e7\u00f5es. O Cliente \u00e9 o \u00fanico respons\u00e1vel \n      por sua atividade de negocia\u00e7\u00e3o, incluindo a escolha do instrumento financeiro, provedor de sinais e estrat\u00e9gia de negocia\u00e7\u00e3o. \n      O desempenho passado n\u00e3o \u00e9 um indicador de resultados futuros.<\/p>\n      <\/div>\n    <\/div>\n  <\/div>\n<\/section>\n\n","protected":false},"excerpt":{"rendered":"<p>O TC Technical View combina a experi\u00eancia de analistas experientes com algoritmos automatizados de ponta, tornando-o a \u00fanica solu\u00e7\u00e3o global de pesquisa de mercado financeiro do seu tipo. Sua tecnologia propriet\u00e1ria de reconhecimento de padr\u00f5es analisa continuamente o mercado, desenvolvendo planos de negocia\u00e7\u00e3o acion\u00e1veis com base em metodologias premiadas. Os t\u00e9cnicos de mercado da Trading [&hellip;]<\/p>\n","protected":false},"author":1,"featured_media":0,"parent":0,"menu_order":0,"comment_status":"closed","ping_status":"closed","template":"page-templates\/TehnicalView.php","meta":{"_acf_changed":false,"footnotes":""},"class_list":["post-239","page","type-page","status-publish","hentry"],"aioseo_notices":[],"acf":[],"_links":{"self":[{"href":"https:\/\/thewallstreetfan.com\/pt\/wp-json\/wp\/v2\/pages\/239","targetHints":{"allow":["GET"]}}],"collection":[{"href":"https:\/\/thewallstreetfan.com\/pt\/wp-json\/wp\/v2\/pages"}],"about":[{"href":"https:\/\/thewallstreetfan.com\/pt\/wp-json\/wp\/v2\/types\/page"}],"author":[{"embeddable":true,"href":"https:\/\/thewallstreetfan.com\/pt\/wp-json\/wp\/v2\/users\/1"}],"replies":[{"embeddable":true,"href":"https:\/\/thewallstreetfan.com\/pt\/wp-json\/wp\/v2\/comments?post=239"}],"version-history":[{"count":2,"href":"https:\/\/thewallstreetfan.com\/pt\/wp-json\/wp\/v2\/pages\/239\/revisions"}],"predecessor-version":[{"id":6792,"href":"https:\/\/thewallstreetfan.com\/pt\/wp-json\/wp\/v2\/pages\/239\/revisions\/6792"}],"wp:attachment":[{"href":"https:\/\/thewallstreetfan.com\/pt\/wp-json\/wp\/v2\/media?parent=239"}],"curies":[{"name":"wp","href":"https:\/\/api.w.org\/{rel}","templated":true}]}}