{"id":237,"date":"2024-11-25T10:18:51","date_gmt":"2024-11-25T10:18:51","guid":{"rendered":"https:\/\/thewallstreetfan.com\/?page_id=237"},"modified":"2025-02-20T14:36:04","modified_gmt":"2025-02-20T14:36:04","slug":"tc-newsletter","status":"publish","type":"page","link":"https:\/\/thewallstreetfan.com\/pt\/tc-newsletter\/","title":{"rendered":"TC NEWSLETTER:\u00a0|NOT\u00cdCIAS RECENTES E SIGNIFICATIVAS QUE VOC\u00ca PRECISA SABER SOBRE"},"content":{"rendered":"\n<section>\n  <div class=\"normal-container\">\n    <div class=\"container row\">\n      <div class=\"xxl-box\">\n        <p class=\"mt-0\">Mergulhe no mundo dos mercados financeiros e personalize a sua experi\u00eancia de leitura de acordo com os seus interesses pessoais. \n        Esteja sempre um passo \u00e0 frente recebendo os eventos mais atualizados diretamente na sua caixa de entrada, no seu computador ou dispositivo m\u00f3vel.\n        Utilize o TC Newsletter para conhecer <strong>as \u00faltimas not\u00edcias financeiras, planos de negocia\u00e7\u00e3o aplic\u00e1veis e obter an\u00e1lises de mercado especializadas.<\/strong><\/p>\n        <p>Registe-se hoje na <span class=\"text-bold\">FXORO<\/span> Global ou fa\u00e7a login na sua conta para acessar este recurso!<\/p>\n      <\/div>\n    <\/div>\n  <\/div>\n<\/section>\n\n<section>\n  <div class=\"normal-container py-0\">\n    <div class=\"container row\">\n      <div class=\"xxl-box\">\n      <div class=\"second-btn text-center\">\n            <a href=\"https:\/\/my.fxoro.com\/register\/\" target=\"_blank\" class=\"btn\">Registe-se <\/a>\n            <p>Negociar \u00e9 arriscado.<\/p>\n        <\/div>\n      <\/div>\n    <\/div>\n  <\/div>\n<\/section>\n\n<section>\n  <div class=\"normal-container\">\n    <div class=\"container row\">\n      <div class=\"xxl-box\">\n      <p class=\"mt-0 text-italic\"><strong>Aviso de Risco:<\/strong> Quaisquer dados, funcionalidades ou desempenhos fornecidos aqui s\u00e3o apenas para fins informativos e, em nenhuma circunst\u00e2ncia,\n      <span class=\"text-bold\">FXORO<\/span> Global fornece ou pretende fornecer aconselhamento em investimentos e\/ou negocia\u00e7\u00f5es, nem incentivar ou solicitar clientes potenciais ou existentes \n      a utilizarem e\/ou subscreverem quaisquer dos servi\u00e7os \/ funcionalidades aqui descritos. O Cliente \u00e9 o \u00fanico respons\u00e1vel pela sua atividade de negocia\u00e7\u00e3o, incluindo a escolha do instrumento financeiro, \n      provedor de sinais e estrat\u00e9gia de negocia\u00e7\u00e3o. O desempenho passado n\u00e3o \u00e9 um indicador de resultados futuros.<\/p>\n      <\/div>\n    <\/div>\n  <\/div>\n<\/section>\n\n","protected":false},"excerpt":{"rendered":"<p>Mergulhe no mundo dos mercados financeiros e personalize a sua experi\u00eancia de leitura de acordo com os seus interesses pessoais. Esteja sempre um passo \u00e0 frente recebendo os eventos mais atualizados diretamente na sua caixa de entrada, no seu computador ou dispositivo m\u00f3vel. Utilize o TC Newsletter para conhecer as \u00faltimas not\u00edcias financeiras, planos de [&hellip;]<\/p>\n","protected":false},"author":1,"featured_media":0,"parent":0,"menu_order":0,"comment_status":"closed","ping_status":"closed","template":"page-templates\/TCNewsletter.php","meta":{"_acf_changed":false,"footnotes":""},"class_list":["post-237","page","type-page","status-publish","hentry"],"aioseo_notices":[],"acf":[],"_links":{"self":[{"href":"https:\/\/thewallstreetfan.com\/pt\/wp-json\/wp\/v2\/pages\/237","targetHints":{"allow":["GET"]}}],"collection":[{"href":"https:\/\/thewallstreetfan.com\/pt\/wp-json\/wp\/v2\/pages"}],"about":[{"href":"https:\/\/thewallstreetfan.com\/pt\/wp-json\/wp\/v2\/types\/page"}],"author":[{"embeddable":true,"href":"https:\/\/thewallstreetfan.com\/pt\/wp-json\/wp\/v2\/users\/1"}],"replies":[{"embeddable":true,"href":"https:\/\/thewallstreetfan.com\/pt\/wp-json\/wp\/v2\/comments?post=237"}],"version-history":[{"count":2,"href":"https:\/\/thewallstreetfan.com\/pt\/wp-json\/wp\/v2\/pages\/237\/revisions"}],"predecessor-version":[{"id":6794,"href":"https:\/\/thewallstreetfan.com\/pt\/wp-json\/wp\/v2\/pages\/237\/revisions\/6794"}],"wp:attachment":[{"href":"https:\/\/thewallstreetfan.com\/pt\/wp-json\/wp\/v2\/media?parent=237"}],"curies":[{"name":"wp","href":"https:\/\/api.w.org\/{rel}","templated":true}]}}