{"id":235,"date":"2024-11-25T10:17:41","date_gmt":"2024-11-25T10:17:41","guid":{"rendered":"https:\/\/thewallstreetfan.com\/?page_id=235"},"modified":"2025-02-05T11:53:49","modified_gmt":"2025-02-05T11:53:49","slug":"tc-market-buzz","status":"publish","type":"page","link":"https:\/\/thewallstreetfan.com\/pt\/tc-market-buzz\/","title":{"rendered":"TC MARKET BUZZ:\u00a0|CONFIRA QUAIS A\u00c7\u00d5ES E T\u00d3PICOS EST\u00c3O LITERALMENTE \u201cBUZZING\u201d"},"content":{"rendered":"\n<section>\n  <div class=\"normal-container\">\n    <div class=\"container row\">\n      <div class=\"xxl-box\">\n        <p class=\"mt-0\">Compreendendo que os investidores frequentemente conciliam agendas lotadas com pouco tempo para leitura, cri\u00e1mos o <strong>TC Market Buzz<\/strong> para direcionar a sua aten\u00e7\u00e3o para as not\u00edcias que se alinham com os seus objetivos de investimento.<\/p>\n        <p>O TC Market Buzz analisa diariamente dezenas de milhares de canais confi\u00e1veis de redes sociais, blogs e sites de not\u00edcias, fornecendo um resumo direto das \u00faltimas discuss\u00f5es de mercado sobre qualquer a\u00e7\u00e3o, par de moedas ou mercadoria.<\/p>\n        <p>Em poucos instantes, pode obter <strong>uma compreens\u00e3o clara da influ\u00eancia potencial do sentimento coletivo sobre uma ideia de investimento<\/strong>, mantendo-se informado e \u00e0 frente do mercado.<\/p>\n        <p>Registe-se hoje na <span class=\"text-bold\">FXORO<\/span> Global ou fa\u00e7a login na sua conta para acessar este recurso!<\/p>\n      <\/div>\n    <\/div>\n  <\/div>\n<\/section>\n\n<section>\n  <div class=\"normal-container py-0\">\n    <div class=\"container row\">\n      <div class=\"xxl-box\">\n      <div class=\"second-btn text-center\">\n            <a href=\"https:\/\/my.fxoro.com\/register\/\" target=\"_blank\" class=\"btn\">Registe-se <\/a>\n            <p>Negociar \u00e9 arriscado.<\/p>\n        <\/div>\n      <\/div>\n    <\/div>\n  <\/div>\n<\/section>\n\n","protected":false},"excerpt":{"rendered":"<p>Compreendendo que os investidores frequentemente conciliam agendas lotadas com pouco tempo para leitura, cri\u00e1mos o TC Market Buzz para direcionar a sua aten\u00e7\u00e3o para as not\u00edcias que se alinham com os seus objetivos de investimento. O TC Market Buzz analisa diariamente dezenas de milhares de canais confi\u00e1veis de redes sociais, blogs e sites de not\u00edcias, [&hellip;]<\/p>\n","protected":false},"author":1,"featured_media":0,"parent":0,"menu_order":0,"comment_status":"closed","ping_status":"closed","template":"page-templates\/TCMarketBuzz.php","meta":{"_acf_changed":false,"footnotes":""},"class_list":["post-235","page","type-page","status-publish","hentry"],"aioseo_notices":[],"acf":[],"_links":{"self":[{"href":"https:\/\/thewallstreetfan.com\/pt\/wp-json\/wp\/v2\/pages\/235","targetHints":{"allow":["GET"]}}],"collection":[{"href":"https:\/\/thewallstreetfan.com\/pt\/wp-json\/wp\/v2\/pages"}],"about":[{"href":"https:\/\/thewallstreetfan.com\/pt\/wp-json\/wp\/v2\/types\/page"}],"author":[{"embeddable":true,"href":"https:\/\/thewallstreetfan.com\/pt\/wp-json\/wp\/v2\/users\/1"}],"replies":[{"embeddable":true,"href":"https:\/\/thewallstreetfan.com\/pt\/wp-json\/wp\/v2\/comments?post=235"}],"version-history":[{"count":1,"href":"https:\/\/thewallstreetfan.com\/pt\/wp-json\/wp\/v2\/pages\/235\/revisions"}],"predecessor-version":[{"id":6598,"href":"https:\/\/thewallstreetfan.com\/pt\/wp-json\/wp\/v2\/pages\/235\/revisions\/6598"}],"wp:attachment":[{"href":"https:\/\/thewallstreetfan.com\/pt\/wp-json\/wp\/v2\/media?parent=235"}],"curies":[{"name":"wp","href":"https:\/\/api.w.org\/{rel}","templated":true}]}}