{"id":233,"date":"2024-11-25T10:16:30","date_gmt":"2024-11-25T10:16:30","guid":{"rendered":"https:\/\/thewallstreetfan.com\/?page_id=233"},"modified":"2025-02-20T14:35:41","modified_gmt":"2025-02-20T14:35:41","slug":"alpha-generation","status":"publish","type":"page","link":"https:\/\/thewallstreetfan.com\/pt\/alpha-generation\/","title":{"rendered":"ALPHA GENERATION:\u00a0|PROVAVELMENTE UMA DAS MELHORES AN\u00c1LISES POSS\u00cdVEIS PARA CRIAR SEUS NEG\u00d3CIOS"},"content":{"rendered":"\n<section>\n  <div class=\"normal-container\">\n    <div class=\"container row\">\n      <div class=\"xxl-box\">\n        <p class=\"mt-0\">Este recurso est\u00e1 equipado com <strong>tr\u00eas indicadores inovadores projetados para fortalecer seu processo de tomada de decis\u00e3o, \n        oferecendo insights sobre a psicologia do mercado<\/strong> e destacando poss\u00edveis pontos de entrada e sa\u00edda. Esses indicadores \n        se integram perfeitamente aos gr\u00e1ficos familiares do Meta Trader MT4, aprimorando ainda mais sua experi\u00eancia de negocia\u00e7\u00e3o.<\/p>\n        <p>Este plug-in est\u00e1 dispon\u00edvel para os traders da <span class=\"text-bold\">FXORO<\/span> Global. Certifique-se de discutir isso com um representante da \n        <span class=\"text-bold\">FXORO<\/span> Global e utiliz\u00e1-lo em sua atividade de negocia\u00e7\u00e3o.<\/p>\n        <p>Registre-se na <span class=\"text-bold\">FXORO<\/span> Global hoje ou fa\u00e7a login na sua conta para acessar este plug-in!<\/p>\n      <\/div>\n    <\/div>\n  <\/div>\n<\/section>\n\n<section>\n  <div class=\"normal-container py-0\">\n    <div class=\"container row\">\n      <div class=\"xxl-box\">\n        <div class=\"second-btn text-center\">\n            <a href=\"https:\/\/my.fxoro.com\/register\/\" target=\"_blank\" class=\"btn\">Registe-se <\/a>\n            <p>Negociar \u00e9 arriscado.<\/p>\n        <\/div>\n      <\/div>\n    <\/div>\n  <\/div>\n<\/section>\n\n<section>\n  <div class=\"normal-container\">\n    <div class=\"container row\">\n      <div class=\"xxl-box\">\n        <p class=\"mt-0 text-italic\"><strong>Aviso de Risco:<\/strong> Qualquer dado, recurso ou desempenho fornecido aqui \u00e9 apenas para fins informativos. \n        A <span class=\"text-bold\">FXORO<\/span> Global n\u00e3o fornece nem pretende fornecer aconselhamento de investimento e\/ou negocia\u00e7\u00e3o, \n        nem incentivar e\/ou solicitar clientes potenciais ou existentes a utilizar e\/ou assinar qualquer um dos servi\u00e7os ou \n        recursos aqui descritos. O Cliente \u00e9 o \u00fanico respons\u00e1vel por sua atividade de negocia\u00e7\u00e3o, incluindo a escolha do instrumento \n        financeiro, provedor de sinais e estrat\u00e9gia de negocia\u00e7\u00e3o. O desempenho passado n\u00e3o \u00e9 um indicador de resultados futuros.<\/p>\n      <\/div>\n    <\/div>\n  <\/div>\n<\/section>\n\n","protected":false},"excerpt":{"rendered":"<p>Este recurso est\u00e1 equipado com tr\u00eas indicadores inovadores projetados para fortalecer seu processo de tomada de decis\u00e3o, oferecendo insights sobre a psicologia do mercado e destacando poss\u00edveis pontos de entrada e sa\u00edda. Esses indicadores se integram perfeitamente aos gr\u00e1ficos familiares do Meta Trader MT4, aprimorando ainda mais sua experi\u00eancia de negocia\u00e7\u00e3o. Este plug-in est\u00e1 dispon\u00edvel [&hellip;]<\/p>\n","protected":false},"author":1,"featured_media":0,"parent":0,"menu_order":0,"comment_status":"closed","ping_status":"closed","template":"page-templates\/AlphaGeneration.php","meta":{"_acf_changed":false,"footnotes":""},"class_list":["post-233","page","type-page","status-publish","hentry"],"aioseo_notices":[],"acf":[],"_links":{"self":[{"href":"https:\/\/thewallstreetfan.com\/pt\/wp-json\/wp\/v2\/pages\/233","targetHints":{"allow":["GET"]}}],"collection":[{"href":"https:\/\/thewallstreetfan.com\/pt\/wp-json\/wp\/v2\/pages"}],"about":[{"href":"https:\/\/thewallstreetfan.com\/pt\/wp-json\/wp\/v2\/types\/page"}],"author":[{"embeddable":true,"href":"https:\/\/thewallstreetfan.com\/pt\/wp-json\/wp\/v2\/users\/1"}],"replies":[{"embeddable":true,"href":"https:\/\/thewallstreetfan.com\/pt\/wp-json\/wp\/v2\/comments?post=233"}],"version-history":[{"count":2,"href":"https:\/\/thewallstreetfan.com\/pt\/wp-json\/wp\/v2\/pages\/233\/revisions"}],"predecessor-version":[{"id":6793,"href":"https:\/\/thewallstreetfan.com\/pt\/wp-json\/wp\/v2\/pages\/233\/revisions\/6793"}],"wp:attachment":[{"href":"https:\/\/thewallstreetfan.com\/pt\/wp-json\/wp\/v2\/media?parent=233"}],"curies":[{"name":"wp","href":"https:\/\/api.w.org\/{rel}","templated":true}]}}