{"id":67,"date":"2024-08-22T14:06:09","date_gmt":"2024-08-22T14:06:09","guid":{"rendered":"http:\/\/localhost\/wp-multisite\/?page_id=67"},"modified":"2025-01-13T10:08:08","modified_gmt":"2025-01-13T10:08:08","slug":"trading-central","status":"publish","type":"page","link":"https:\/\/thewallstreetfan.com\/es\/trading-central\/","title":{"rendered":"Trading central"},"content":{"rendered":"\n<section>\n  <div class=\"normal-container\">\n    <div class=\"container row\">\n      <div class=\"xxl-box\">\n        <p class=\"mt-0\">\n          <strong>FXORO<\/strong> Global se complace en anunciar nuestra\n          colaboraci\u00f3n con Trading Central, una empresa mundialmente reconocida\n          y galardonada, para\n          <strong>ofrecerle herramientas de negociaci\u00f3n sofisticadas y\n            eficaces<\/strong>\n          a medida para optimizar sus estrategias de negociaci\u00f3n.\n        <\/p>\n        <p>\n          Trading Central se ha convertido en los \u00faltimos a\u00f1os en la plataforma\n          preferida por multitud de operadores de todo el mundo. El atractivo de\n          la plataforma reside en su amplio repositorio de recursos y\n          herramientas de negociaci\u00f3n,\n          <strong>incluyendo an\u00e1lisis en profundidad, art\u00edculos informativos,\n            seminarios web y una vibrante comunidad de operadores e\n            inversores<\/strong>.\n        <\/p>\n        <p>\n          <strong>Explore la gama de servicios de Trading Central que ofrece FXORO Global haciendo clic en los siguientes iconos.<\/strong>\n        <\/p>\n      <\/div>\n    <\/div>\n  <\/div>\n<\/section>\n<section>\n  <div class=\"normal-container\">\n    <div class=\"container row flex\">\n      <div class=\"round-buttons-wrap\">\n        <div class=\"round-dots-button\">\n          <a class=\"round-button\" href=\"https:\/\/thewallstreetfan.com\/es\/technical-view\/\">\n            <p class=\"title text-dark-blue\">\n              TECHNICAL<br \/>\n              VIEWS\n            <\/p>\n            <p class=\"number text-orange\">1<\/p>\n          <\/a>\n          <img decoding=\"async\"\n            loading=\"lazy\"\n            class=\"orange-arrow\"\n            src=\"\/wp-content\/themes\/Fxoro-2023\/assets\/imgs\/orange arrow.svg\"\n            alt=\"orange-arrow\"\n          \/>\n        <\/div>\n      <\/div>\n      <div class=\"round-buttons-wrap\">\n        <div class=\"round-dots-button\">\n          <img decoding=\"async\"\n            loading=\"lazy\"\n            class=\"yellow-arrow\"\n            src=\"\/wp-content\/themes\/Fxoro-2023\/assets\/imgs\/yellow arrow.svg\"\n            alt=\"yellow-arrow\"\n          \/>\n          <a class=\"round-button\" href=\"https:\/\/thewallstreetfan.com\/es\/alpha-generation\/\">\n            <p class=\"title text-dark-blue\">ALPHA<br \/>GENERATION<\/p>\n            <p class=\"number text-yellow\">2<\/p>\n          <\/a>\n        <\/div>\n      <\/div>\n      <div class=\"round-buttons-wrap\">\n        <div class=\"round-dots-button\">\n          <a class=\"round-button\" href=\"https:\/\/thewallstreetfan.com\/es\/tc-market-buzz\/\">\n            <p class=\"title text-dark-blue\">TC MARKET<br \/>BUZZ<\/p>\n            <p class=\"number text-black\">3<\/p>\n          <\/a>\n          <img decoding=\"async\"\n            loading=\"lazy\"\n            class=\"black-arrow\"\n            src=\"\/wp-content\/themes\/Fxoro-2023\/assets\/imgs\/black arrow.svg\"\n            alt=\"black-arrow\"\n          \/>\n        <\/div>\n      <\/div>\n      <div class=\"round-buttons-wrap\">\n        <div class=\"round-dots-button\">\n          <img decoding=\"async\"\n            loading=\"lazy\"\n            class=\"blue-arrow\"\n            src=\"\/wp-content\/themes\/Fxoro-2023\/assets\/imgs\/blue arrow.svg\"\n            alt=\"blue-arrow\"\n          \/>\n          <a class=\"round-button\" href=\"https:\/\/thewallstreetfan.com\/es\/tc-newsletter\/\">\n            <p class=\"title text-dark-blue\">TC<br \/>NEWSLETTER<\/p>\n            <p class=\"number text-dark-blue\">4<\/p>\n          <\/a>\n        <\/div>\n      <\/div>\n      <div class=\"round-buttons-wrap\">\n        <div class=\"round-dots-button\">\n          <a class=\"round-button\" href=\"https:\/\/thewallstreetfan.com\/es\/web-tv\/\">\n            <p class=\"title text-dark-blue\">WEB<br \/>TV<\/p>\n            <p class=\"number text-black\">5<\/p>\n          <\/a>\n          <img decoding=\"async\"\n            loading=\"lazy\"\n            class=\"black-line\"\n            src=\"\/wp-content\/themes\/Fxoro-2023\/assets\/imgs\/black closed line.svg\"\n            alt=\"black-line\"\n          \/>\n        <\/div>\n      <\/div>\n    <\/div>\n  <\/div>\n<\/section>\n<section>\n  <div class=\"normal-container\">\n    <div class=\"container row\">\n      <div class=\"xxl-box\">\n        <p class=\"mt-0 text-italic\">\n          <strong>Descargo de responsabilidad:<\/strong> La informaci\u00f3n proporcionada en este documento tiene \u00fanicamente fines informativos. Los clientes son responsables de su actividad comercial. La Compa\u00f1\u00eda no brinda asesoramiento de inversi\u00f3n. El cliente decidir\u00e1 exclusivamente por su cuenta si desea suscribirse y utilizar alguno de los servicios ofrecidos. El resultado pasado no es indicador de resultados en el futuro.\n        <\/p>\n      <\/div>\n    <\/div>\n  <\/div>\n<\/section>\n","protected":false},"excerpt":{"rendered":"<p>FXORO Global se complace en anunciar nuestra colaboraci\u00f3n con Trading Central, una empresa mundialmente reconocida y galardonada, para ofrecerle herramientas de negociaci\u00f3n sofisticadas y eficaces a medida para optimizar sus estrategias de negociaci\u00f3n. Trading Central se ha convertido en los \u00faltimos a\u00f1os en la plataforma preferida por multitud de operadores de todo el mundo. El [&hellip;]<\/p>\n","protected":false},"author":1,"featured_media":0,"parent":0,"menu_order":0,"comment_status":"closed","ping_status":"closed","template":"page-templates\/TradingCentral.php","meta":{"_acf_changed":false,"footnotes":""},"class_list":["post-67","page","type-page","status-publish","hentry"],"aioseo_notices":[],"acf":[],"_links":{"self":[{"href":"https:\/\/thewallstreetfan.com\/es\/wp-json\/wp\/v2\/pages\/67","targetHints":{"allow":["GET"]}}],"collection":[{"href":"https:\/\/thewallstreetfan.com\/es\/wp-json\/wp\/v2\/pages"}],"about":[{"href":"https:\/\/thewallstreetfan.com\/es\/wp-json\/wp\/v2\/types\/page"}],"author":[{"embeddable":true,"href":"https:\/\/thewallstreetfan.com\/es\/wp-json\/wp\/v2\/users\/1"}],"replies":[{"embeddable":true,"href":"https:\/\/thewallstreetfan.com\/es\/wp-json\/wp\/v2\/comments?post=67"}],"version-history":[{"count":4,"href":"https:\/\/thewallstreetfan.com\/es\/wp-json\/wp\/v2\/pages\/67\/revisions"}],"predecessor-version":[{"id":645,"href":"https:\/\/thewallstreetfan.com\/es\/wp-json\/wp\/v2\/pages\/67\/revisions\/645"}],"wp:attachment":[{"href":"https:\/\/thewallstreetfan.com\/es\/wp-json\/wp\/v2\/media?parent=67"}],"curies":[{"name":"wp","href":"https:\/\/api.w.org\/{rel}","templated":true}]}}