{"id":6440,"date":"2025-01-31T12:45:55","date_gmt":"2025-01-31T12:45:55","guid":{"rendered":"https:\/\/thewallstreetfan.com\/es\/?page_id=6440"},"modified":"2025-03-14T12:01:06","modified_gmt":"2025-03-14T12:01:06","slug":"reglamento","status":"publish","type":"page","link":"https:\/\/thewallstreetfan.com\/es\/reglamento\/","title":{"rendered":"Reglamento"},"content":{"rendered":"<p>ORO FINTECH LTD est\u00e1 constituida y registrada de conformidad con las leyes de Seychelles con el n\u00famero de empresa 8425077-1. La empresa est\u00e1 autorizada por la Autoridad de Servicios Financieros de Seychelles (FSA) con la Licencia de Corredor de Valores n\u00famero SD046, para la prestaci\u00f3n de los servicios de inversi\u00f3n permitidos por la Ley de Valores de Seychelles de 2007.\n<\/p>\n<p>La FSA es el organismo regulador aut\u00f3nomo responsable de los servicios financieros no bancarios en Seychelles.<br \/>\nEstablecida en virtud de la Ley de la Autoridad de Servicios Financieros de 2013, la autoridad es responsable de otorgar licencias, regular, hacer cumplir los requisitos regulatorios y de cumplimiento, monitorear y supervisar la conducta empresarial en el sector de servicios financieros no bancarios en Seychelles.<\/p>\n<p>La negociaci\u00f3n de productos apalancados conlleva niveles considerables de riesgo y puede no ser adecuada para todos los inversores. El rendimiento pasado de una inversi\u00f3n no es una gu\u00eda de su rendimiento en el futuro.<\/p>\n","protected":false},"excerpt":{"rendered":"<p>ORO FINTECH LTD est\u00e1 constituida y registrada de conformidad con las leyes de Seychelles con el n\u00famero de empresa 8425077-1. La empresa est\u00e1 autorizada por la Autoridad de Servicios Financieros de Seychelles (FSA) con la Licencia de Corredor de Valores n\u00famero SD046, para la prestaci\u00f3n de los servicios de inversi\u00f3n permitidos por la Ley de [&hellip;]<\/p>\n","protected":false},"author":1,"featured_media":0,"parent":0,"menu_order":0,"comment_status":"closed","ping_status":"closed","template":"page-templates\/Regulations.php","meta":{"_acf_changed":false,"footnotes":""},"class_list":["post-6440","page","type-page","status-publish","hentry"],"aioseo_notices":[],"acf":[],"_links":{"self":[{"href":"https:\/\/thewallstreetfan.com\/es\/wp-json\/wp\/v2\/pages\/6440","targetHints":{"allow":["GET"]}}],"collection":[{"href":"https:\/\/thewallstreetfan.com\/es\/wp-json\/wp\/v2\/pages"}],"about":[{"href":"https:\/\/thewallstreetfan.com\/es\/wp-json\/wp\/v2\/types\/page"}],"author":[{"embeddable":true,"href":"https:\/\/thewallstreetfan.com\/es\/wp-json\/wp\/v2\/users\/1"}],"replies":[{"embeddable":true,"href":"https:\/\/thewallstreetfan.com\/es\/wp-json\/wp\/v2\/comments?post=6440"}],"version-history":[{"count":5,"href":"https:\/\/thewallstreetfan.com\/es\/wp-json\/wp\/v2\/pages\/6440\/revisions"}],"predecessor-version":[{"id":6568,"href":"https:\/\/thewallstreetfan.com\/es\/wp-json\/wp\/v2\/pages\/6440\/revisions\/6568"}],"wp:attachment":[{"href":"https:\/\/thewallstreetfan.com\/es\/wp-json\/wp\/v2\/media?parent=6440"}],"curies":[{"name":"wp","href":"https:\/\/api.w.org\/{rel}","templated":true}]}}