{"id":6436,"date":"2025-01-31T12:42:43","date_gmt":"2025-01-31T12:42:43","guid":{"rendered":"https:\/\/thewallstreetfan.com\/es\/?page_id=6436"},"modified":"2025-02-21T10:06:29","modified_gmt":"2025-02-21T10:06:29","slug":"terminos-de-uso","status":"publish","type":"page","link":"https:\/\/thewallstreetfan.com\/es\/terminos-de-uso\/","title":{"rendered":"T\u00e9rminos de Uso"},"content":{"rendered":"<p>El uso de la aplicaci\u00f3n de trading <i class=\"textLogo\">FX<i>ORO<\/i><\/i> Global est\u00e1 sujeto a ciertas condiciones establecidas en este documento:<\/p>\n<ol type=\"1\">\n<li>\n<h4>Informaci\u00f3n presentada en la aplicaci\u00f3n<\/h4>\n<ol type=\"a\">\n<li>La informaci\u00f3n proporcionada en esta Aplicaci\u00f3n se basa en los datos recibidos de aquellas fuentes que est\u00e1n disponibles y reconocidas, as\u00ed como en informes y \/ u otras fuentes confiables. Sin embargo, la informaci\u00f3n proporcionada no es verificada y \/ o verificada por <i class=\"textLogo\">FX<i>ORO<\/i><\/i> Global y <i class=\"textLogo\">FX<i>ORO<\/i><\/i> Global no califica que la informaci\u00f3n presentada sea completa, precisa o confiable.<\/li>\n<li>Para utilizar la Aplicaci\u00f3n, el Usuario \/ Cliente deber\u00e1 ser mayor de 18 a\u00f1os.<\/li>\n<li><i class=\"textLogo\">FX<i>ORO<\/i><\/i> Global recopila ciertos datos, incluidos los datos personales proporcionados en este documento, con fines de marketing y para el establecimiento de una relaci\u00f3n comercial.<\/li>\n<li>El Usuario \/ Cliente acepta que <i class=\"textLogo\">FX<i>ORO<\/i><\/i> Global no ser\u00e1, de ninguna manera, responsable y \/ o responsable por cualquier tipo de da\u00f1o y \/ o p\u00e9rdida causada o que pueda ser causada por el uso de la presente Aplicaci\u00f3n y \/ o cualquier informaci\u00f3n. que se presenta en la misma, ya sea por mal funcionamiento, indisponibilidad y \/ o cualquier otro factor que pueda provocar que la presente App y sus diversos servicios no funcionen correctamente, por aver\u00eda de Internet y \/ o del dispositivo y \/ o del Proveedores de Internet y \/ o las computadoras <i class=\"textLogo\">FX<i>ORO<\/i><\/i> Global y \/ o el dispositivo del Usuario \/ Cliente.<\/li>\n<li>Cuando la informaci\u00f3n que aparece en la Aplicaci\u00f3n y la informaci\u00f3n registrada en los libros \/ registros de <i class=\"textLogo\">FX<i>ORO<\/i><\/i> Global est\u00e1 en contradicci\u00f3n y \/ o es incompatible con dichos libros, la informaci\u00f3n que se registra en los libros \/ registros de <i class=\"textLogo\">FX<i>ORO<\/i><\/i> Global tendr\u00e1 prioridad. <i class=\"textLogo\">FX<i>ORO<\/i><\/i> Global no ser\u00e1, de ninguna manera, responsable y \/ o responsable de ning\u00fan tipo de da\u00f1o y \/ o p\u00e9rdida causada o que pueda ser causada al Usuario \/ Cliente debido a la confianza del Usuario \/ Cliente en la presente Aplicaci\u00f3n y, m\u00e1s espec\u00edficamente, sobre cualquiera de la informaci\u00f3n que se presenta en \u00e9l.<\/li>\n<\/ol>\n<\/li>\n<li>\n<h4>Derechos de autor<\/h4>\n<ol type=\"a\">\n<li>La informaci\u00f3n presentada en esta aplicaci\u00f3n (incluida la aplicaci\u00f3n en s\u00ed), todos y cada uno de los programas contenidos en la aplicaci\u00f3n que se pueden descargar y utilizar a trav\u00e9s de ella, y todos los elementos adicionales que se anuncian en la aplicaci\u00f3n, est\u00e1n sujetos y protegidos por los derechos de autor internacionales. leyes.<\/li>\n<p>El uso de esta aplicaci\u00f3n est\u00e1 permitido sujeto a su uso justo, que ocurre solo cuando el uso se efect\u00faa de acuerdo con las leyes internacionales de derechos de autor. Queda estrictamente prohibido copiar, cambiar, distribuir y hacer uso comercial de la informaci\u00f3n contenida en esta Aplicaci\u00f3n, a menos que el titular de los derechos de autor otorgue un permiso expreso por escrito.<\/p>\n<\/ol>\n<\/li>\n<li>\n<h4>Cambio de condiciones<\/h4>\n<ol type=\"a\">\n<li><i class=\"textLogo\">FX<i>ORO<\/i><\/i> Global se reserva el derecho, a su sola discreci\u00f3n, de realizar, en cualquier momento, cualquier cambio en la Aplicaci\u00f3n, con la adici\u00f3n, alteraci\u00f3n y \/ o descontinuaci\u00f3n de cualquiera de los t\u00e9rminos de uso de la Aplicaci\u00f3n y \/ o la adici\u00f3n, alteraci\u00f3n y \/ o o interrupci\u00f3n, total o parcial, de cualquiera de los servicios prestados por <i class=\"textLogo\">FX<i>ORO<\/i><\/i> Global. El Usuario \/ Cliente no tendr\u00e1 derecho a reclamar, ni derecho a da\u00f1os y \/ o compensaci\u00f3n de ning\u00fan tipo por los da\u00f1os supuestamente incurridos debido a los cambios, alteraciones, adiciones o interrupciones antes mencionados.<\/li>\n<\/ol>\n<\/li>\n<li>\n<h4>Directrices contra el blanqueo de capitales y provisi\u00f3n de documentaci\u00f3n<\/h4>\n<ol type=\"a\">\n<li>La verificaci\u00f3n de la identidad de todos sus Usuarios \/ Clientes es de suma importancia para <i class=\"textLogo\">FX<i>ORO<\/i><\/i> Global, con el fin de actuar siempre en cumplimiento de las Directrices Antilavado de Dinero que puedan estar vigentes en cualquier momento bajo la legislaci\u00f3n local e internacional pertinente. Se puede solicitar al Usuario \/ Cliente que proporcione copias relevantes de varios documentos con fines de identificaci\u00f3n.<\/li>\n<\/ol>\n<\/li>\n<li>\n<h4>Uso de programas de terceros<\/h4>\n<ol type=\"a\">\n<li>La Aplicaci\u00f3n puede contener y permitir la descarga y el uso de programas que no son fabricados y \/ o distribuidos por <i class=\"textLogo\">FX<i>ORO<\/i><\/i> Global (\u00abprogramas de terceros\u00bb), y programas que son fabricados y \/ o distribuidos por <i class=\"textLogo\">FX<i>ORO<\/i><\/i> Global. <i class=\"textLogo\">FX<i>ORO<\/i><\/i> Global y \/ o los fabricantes de programas de terceros no son de ninguna manera responsables de los da\u00f1os que puedan ser causados como resultado de la descarga y \/ o el uso de dichos programas que est\u00e1n disponibles para su descarga y \/ o uso a trav\u00e9s de la aplicaci\u00f3n de <i class=\"textLogo\">FX<i>ORO<\/i><\/i> Global.<\/li>\n<\/ol>\n<\/li>\n<\/ol>\n","protected":false},"excerpt":{"rendered":"<p>El uso de la aplicaci\u00f3n de trading FXORO Global est\u00e1 sujeto a ciertas condiciones establecidas en este documento: Informaci\u00f3n presentada en la aplicaci\u00f3n La informaci\u00f3n proporcionada en esta Aplicaci\u00f3n se basa en los datos recibidos de aquellas fuentes que est\u00e1n disponibles y reconocidas, as\u00ed como en informes y \/ u otras fuentes confiables. Sin embargo, [&hellip;]<\/p>\n","protected":false},"author":1,"featured_media":0,"parent":0,"menu_order":0,"comment_status":"closed","ping_status":"closed","template":"page-templates\/StandardPage.php","meta":{"_acf_changed":false,"footnotes":""},"class_list":["post-6436","page","type-page","status-publish","hentry"],"aioseo_notices":[],"acf":[],"_links":{"self":[{"href":"https:\/\/thewallstreetfan.com\/es\/wp-json\/wp\/v2\/pages\/6436","targetHints":{"allow":["GET"]}}],"collection":[{"href":"https:\/\/thewallstreetfan.com\/es\/wp-json\/wp\/v2\/pages"}],"about":[{"href":"https:\/\/thewallstreetfan.com\/es\/wp-json\/wp\/v2\/types\/page"}],"author":[{"embeddable":true,"href":"https:\/\/thewallstreetfan.com\/es\/wp-json\/wp\/v2\/users\/1"}],"replies":[{"embeddable":true,"href":"https:\/\/thewallstreetfan.com\/es\/wp-json\/wp\/v2\/comments?post=6436"}],"version-history":[{"count":2,"href":"https:\/\/thewallstreetfan.com\/es\/wp-json\/wp\/v2\/pages\/6436\/revisions"}],"predecessor-version":[{"id":6502,"href":"https:\/\/thewallstreetfan.com\/es\/wp-json\/wp\/v2\/pages\/6436\/revisions\/6502"}],"wp:attachment":[{"href":"https:\/\/thewallstreetfan.com\/es\/wp-json\/wp\/v2\/media?parent=6436"}],"curies":[{"name":"wp","href":"https:\/\/api.w.org\/{rel}","templated":true}]}}