{"id":6434,"date":"2025-01-31T12:35:50","date_gmt":"2025-01-31T12:35:50","guid":{"rendered":"https:\/\/thewallstreetfan.com\/es\/?page_id=6434"},"modified":"2025-01-31T12:41:35","modified_gmt":"2025-01-31T12:41:35","slug":"aviso-de-riesgos","status":"publish","type":"page","link":"https:\/\/thewallstreetfan.com\/es\/aviso-de-riesgos\/","title":{"rendered":"Aviso de riesgos"},"content":{"rendered":"<p>ORO Fintech Limited es una compa\u00f1\u00eda financiera constituida y registrada bajo las leyes de la Rep\u00fablica de Seychelles con el n\u00famero de registro 8425077-1 y autorizada por la Autoridad de Servicios Financieros (FSA) con el n\u00famero de licencia SD046. Direcci\u00f3n: Suite 3, Global Village, Jivan\u2019s Complex Mont Fleuri, Mahe, Seychelles.<\/p>\n<ol>\n<li>\n        <strong>ADVERTENCIA DE RIESGOS<\/strong><\/p>\n<p>Por el presente, el Cliente acepta utilizar el Sitio web bajo su propio riesgo. La posibilidad que existe es que el Cliente pueda sufrir una p\u00e9rdida de toda o parte de su inversi\u00f3n inicial y, por lo tanto, el Cliente no debe invertir dinero que no puede permitirse perder. El Cliente debe conocer los riesgos asociados con todas las operaciones con opciones digitales y buscar el asesoramiento de un asesor financiero independiente si tiene dudas o preguntas.<\/p>\n<ol type=\"a\">\n<li>\n<p>Este Aviso se dirige a todos los Clientes potenciales, y las partes interesadas a las que est\u00e1 dirigido deben leerlo cuidadosamente.\u00a0El prop\u00f3sito de la advertencia es explicar, de manera justa, clara y en t\u00e9rminos generales, la naturaleza de los riesgos involucrados al operar con instrumentos financieros. El Cliente debe comprender que esos riesgos conllevan la posibilidad de perder dinero durante el comercio. Esta divulgaci\u00f3n es informativa y no debe considerarse una lista de todos los riesgos posibles.<\/p>\n<\/li>\n<\/ol>\n<\/li>\n<li>\n        <strong>RIESGOS GENERALES<\/strong><\/p>\n<p>ORO FINTECH LTD avisa e informa al Cliente de la siguiente lista de riesgos no exhaustiva:<\/p>\n<ol type=\"a\">\n<li>\n<p>El Capital Inicial de la cartera del Cliente y\/o su valor o cualquier dinero invertido por el Cliente en cualquier Instrumento Financiero no puede ser ni est\u00e1 garantizado por ORO FINTECH LTD.<\/p>\n<\/li>\n<li>\n<p>El Cliente acepta que el valor de cualquier inversi\u00f3n en Instrumentos Financieros puede fluctuar al alza o a la baja, y acepta tambi\u00e9n la probabilidad de que cualquier inversi\u00f3n puede pasar en cualquier momento a no tener ning\u00fan valor a pesar de cualquier informaci\u00f3n (en contrario o de cualquier otra forma) que pueda haber sido ofrecida por\u00a0ORO FINTECH LTD en cualquier momento.<\/p>\n<\/li>\n<li>\n<p>El Cliente reconoce que la informaci\u00f3n conocida sobre el rendimiento previo de un Instrumento Financiero no garantiza en modo alguno su rendimiento actual y\/o futuro. Usar datos hist\u00f3ricos no equivale a un pron\u00f3stico vinculante o seguro respecto al rendimiento actual y\/o futuro de los Instrumentos Financieros a los que hace referencia dicha informaci\u00f3n.<\/p>\n<\/li>\n<li>\n<p>ORO FINTECH LTD advierte al Cliente de que cualquier transacci\u00f3n que pueda efectuarse mediante los servicios de operaciones de ORO FINTECH LTD puede ser de naturaleza especulativa. El Cliente est\u00e1 advertido de que se pueden producir grandes p\u00e9rdidas en breves periodos de tiempo.<\/p>\n<\/li>\n<li>\n<p>El Cliente reconoce que hay casos en los que los Instrumentos Financieros pueden no hacerse l\u00edquidos inmediatamente (por ejemplo, como resultado de una demanda reducida). Adem\u00e1s, el Cliente reconoce que en estos casos el Cliente puede no estar en posici\u00f3n de vender dichos Instrumentos Financieros ni de obtener f\u00e1cilmente informaci\u00f3n sobre su valor y\/o el alcance de los riesgos asociados.<\/p>\n<\/li>\n<li>\n<p>Cuando los Instrumentos Financieros se negocian en una divisa distinta de la divisa del pa\u00eds de residencia del Cliente, cualquier modificaci\u00f3n en los tipos de cambio puede tener efectos negativos en el valor, el precio y el rendimiento de los Instrumentos Financieros.<\/p>\n<\/li>\n<li>\n<p>Se advierte al Cliente de que la ejecuci\u00f3n de una orden puede verse dificultada o imposibilitada bajo ciertas condiciones del mercado. Es m\u00e1s,\u00a0ORO FINTECH LTD. \u00a0advierte al Cliente de que\u00a0ORO FINTECH LTD. \u00a0puede estar operando mediante Bancos y Brokers que pueden tener intereses contrarios a los intereses del Cliente.<\/p>\n<\/li>\n<\/ol>\n<\/li>\n<li>\n        <strong>CARGOS E IMPUESTOS<\/strong><\/p>\n<ol type=\"a\">\n<li>\n<p>Se advierte al Cliente de que cambios en sus circunstancias personales, cambios en la legislaci\u00f3n y cualquier otro factor pueden suponer el riesgo de que las operaciones del Cliente en Instrumentos Financieros puedan quedar sujetas a impuestos y\/o cualquier otra obligaci\u00f3n. ORO FINTECH LTD no garantiza ni puede garantizar que el Cliente no incurra en impuestos y\/o cualquier otra obligaci\u00f3n. Se advierte al Cliente de que cualquier impuesto y\/o cualquier otra obligaci\u00f3n que pueda devengarse en relaci\u00f3n con sus operaciones es responsabilidad del Cliente.<\/p>\n<\/li>\n<li>\n<p>ORO FINTECH LTD. recomienda encarecidamente al Cliente que recabe datos sobre todas las comisiones y otros cargos de los que el Cliente sea responsable antes de empezar a operar. En el caso de que los cargos no est\u00e9n expresados en t\u00e9rminos monetarios (p. ej., expresados como diferencial de operaciones), el Cliente debe solicitar una explicaci\u00f3n por escrito que incluya ejemplos adecuados para asegurarse de estar totalmente informado de lo que dichos cargos deben significar en t\u00e9rminos monetarios concretos.<\/p>\n<\/li>\n<\/ol>\n<p>De acuerdo con las regulaciones actuales, es posible que\u00a0ORO FINTECH LTD\u00a0se vea obligado a mantener el dinero del Cliente en una cuenta segregada de otros Clientes as\u00ed como de las propias cuentas de\u00a0ORO FINTECH LTD. Se avisa expresamente al Cliente de que esto puede no otorgar protecci\u00f3n completa al Cliente.<\/p>\n<\/li>\n<li>\n        <strong>RIESGOS T\u00c9CNICOS<\/strong><\/p>\n<ol type=\"a\">\n<li>\n<p>Cuando el Cliente efect\u00faa transacciones en un sistema electr\u00f3nico, puede estar expuesto a riesgos que pueden estar vinculados con el sistema (incluyendo el fallo del hardware y el software (Internet \/ Servidores)). El resultado de cualquier fallo del sistema puede ser que su orden no sea ejecutada o no se ejecute de acuerdo a sus instrucciones. ORO FINTECH LTD no asume ni puede asumir ninguna responsabilidad en caso de dicho fallo.<\/p>\n<\/li>\n<li>\n<p>Se advierte al Cliente de que es responsable de los riesgos de p\u00e9rdidas financieras provocadas por fallos en los sistemas de informaci\u00f3n, comunicaci\u00f3n, electr\u00f3nicos u otros.<\/p>\n<\/li>\n<li>\n<p>Cuando terceros autorizados tengan acceso a informaci\u00f3n, como direcciones electr\u00f3nicas, comunicaci\u00f3n electr\u00f3nica y datos personales, ORO FINTECH LTD no tendr\u00e1 ninguna responsabilidad cuando lo anterior se trasmita entre ORO FINTECH LTD o cualquier otra parte usando internet u otras infraestructuras de comunicaci\u00f3n en red, v\u00eda telef\u00f3nica o mediante cualquier otro medio electr\u00f3nico.<\/p>\n<\/li>\n<li>\n<p>El Cliente reconoce que la informaci\u00f3n no encriptada transmitida mediante e-mail no est\u00e1 protegida frente a ning\u00fan acceso no autorizado.<\/p>\n<\/li>\n<li>\n<p>Llamamos expresamente la atenci\u00f3n del Cliente hacia los momentos de flujo excesivo de operaciones, cuando el cliente pueda tener dificultades para conectarse a trav\u00e9s del tel\u00e9fono o la Plataforma de Trading.<\/p>\n<\/li>\n<li>\n<p>El Cliente reconoce que internet puede estar sujeta a eventos que pueden afectar a su acceso a la P\u00e1gina Web y\/o al Sistema de Trading de ORO FINTECH LTD incluyendo, sin limitarse a ello, cortes de la transmisi\u00f3n o interrupciones, fallo del software y el hardware y desconexi\u00f3n de internet. ORO FINTECH LTD no es responsable de ning\u00fan da\u00f1o o p\u00e9rdida provocada por eventos de este tipo que est\u00e9n fuera de su control o de cualquier otra p\u00e9rdida, coste, responsabilidad o gasto (incluyendo, sin limitaci\u00f3n a, lucro cesante) que pueda producirse por la incapacidad del Cliente para acceder a la P\u00e1gina Web y\/o al Sistema de Trading de ORO FINTECH LTD o por un retraso o fallo en el env\u00edo de \u00d3rdenes o Transacciones.<\/p>\n<\/li>\n<li>\n<p>ORO FINTECH LTD no es un Proveedor de Servicios de Internet y no puede ser responsable por no cumplir con cualquier obligaci\u00f3n contra\u00edda con sus clientes debido a fallos en la conexi\u00f3n a internet, fallos en la red el\u00e9ctrica p\u00fablica o ataques de hackers.<\/p>\n<\/li>\n<li>\n<p>Se avisa al Cliente de que cuando opera en una plataforma electr\u00f3nica asume el riesgo de p\u00e9rdida financiera que puede ser consecuencia, entre otras cosas, de:<\/p>\n<ul>\n<li>\n<p>Un fallo en los dispositivos del Cliente, un fallo de software y una mala calidad de la conexi\u00f3n<\/p>\n<\/li>\n<li>\n<p>Un mal funcionamiento, mal uso o fallo del software o el hardware de ORO FINTECH LTD o del Cliente<\/p>\n<\/li>\n<li>\n<p>Un funcionamiento inadecuado del equipo del Cliente<\/p>\n<\/li>\n<li>\n<p>Una configuraci\u00f3n err\u00f3nea del terminal del Cliente<\/p>\n<\/li>\n<li>\n<p>Actualizaciones retardadas en el terminal del Cliente<\/p>\n<\/li>\n<\/ul>\n<\/li>\n<\/ol>\n<\/li>\n<li>\n        <strong>APALANCAMIENTO<\/strong><\/p>\n<p>El Cliente debe comprender que el apalancamiento en el comercio de margen puede tener un impacto significativo en su cuenta de comercio. Incluso con cambios menores en los tipos de cambio y los precios de los instrumentos, existe la posibilidad de que el Cliente pierda su dep\u00f3sito inicial. Por el presente, el Cliente entiende que es totalmente responsable del uso de sus propios fondos y de la contabilidad de los riesgos.<\/p>\n<\/li>\n<li>\n        <strong>SLIPPAGE<\/strong><\/p>\n<p>La volatilidad del mercado puede crear condiciones en las que las \u00f3rdenes son dif\u00edciles de ejecutar, ya que el precio puede estar a muchos pips de distancia debido a un movimiento extremo del mercado. Aunque el operador est\u00e9 buscando ejecutar la operaci\u00f3n a un cierto precio, el mercado puede haberse movido significativamente y la orden se completar\u00e1 al siguiente mejor precio o al valor justo de mercado. De forma similar, un incremento del volumen tambi\u00e9n puede provocar un slippage si no existe suficiente liquidez para ejecutar todas las operaciones al precio solicitado.<\/p>\n<p>Cuando se activa un stop, se convierte en una orden al mejor precio de mercado, y no hay garant\u00eda de que se complete a ning\u00fan precio dado concreto. Por lo tanto, las \u00f3rdenes de stop pueden incurrir en slippage dependiendo de las condiciones de mercado.<\/p>\n<\/li>\n<li>\n        <strong>PLATAFORMA DE TRADING<\/strong><\/p>\n<p>El Cliente reconoce que la \u00fanica fuente fiable de cotizaciones es la del feed del Servidor en vivo. Se advierte al Cliente de que las cotizaciones que aparecen en el terminal de Cliente no son una fuente de informaci\u00f3n fiable, ya que la conexi\u00f3n entre el terminal del Cliente y el servidor puede verse interrumpida en alg\u00fan punto y es posible que algunas de las cotizaciones simplemente no lleguen al terminal del Cliente.<\/p>\n<p>El Cliente reconoce que cuando cierra la ventana para colocar\/modificar\/borrar \u00f3rdenes o la ventana para abrir\/cerrar posiciones, la instrucci\u00f3n enviada al Servidor no puede ser cancelada.<\/p>\n<\/li>\n<\/ol>\n","protected":false},"excerpt":{"rendered":"<p>ORO Fintech Limited es una compa\u00f1\u00eda financiera constituida y registrada bajo las leyes de la Rep\u00fablica de Seychelles con el n\u00famero de registro 8425077-1 y autorizada por la Autoridad de Servicios Financieros (FSA) con el n\u00famero de licencia SD046. Direcci\u00f3n: Suite 3, Global Village, Jivan\u2019s Complex Mont Fleuri, Mahe, Seychelles. ADVERTENCIA DE RIESGOS Por el [&hellip;]<\/p>\n","protected":false},"author":1,"featured_media":0,"parent":0,"menu_order":0,"comment_status":"closed","ping_status":"closed","template":"page-templates\/StandardPage.php","meta":{"_acf_changed":false,"footnotes":""},"class_list":["post-6434","page","type-page","status-publish","hentry"],"aioseo_notices":[],"acf":[],"_links":{"self":[{"href":"https:\/\/thewallstreetfan.com\/es\/wp-json\/wp\/v2\/pages\/6434","targetHints":{"allow":["GET"]}}],"collection":[{"href":"https:\/\/thewallstreetfan.com\/es\/wp-json\/wp\/v2\/pages"}],"about":[{"href":"https:\/\/thewallstreetfan.com\/es\/wp-json\/wp\/v2\/types\/page"}],"author":[{"embeddable":true,"href":"https:\/\/thewallstreetfan.com\/es\/wp-json\/wp\/v2\/users\/1"}],"replies":[{"embeddable":true,"href":"https:\/\/thewallstreetfan.com\/es\/wp-json\/wp\/v2\/comments?post=6434"}],"version-history":[{"count":1,"href":"https:\/\/thewallstreetfan.com\/es\/wp-json\/wp\/v2\/pages\/6434\/revisions"}],"predecessor-version":[{"id":6435,"href":"https:\/\/thewallstreetfan.com\/es\/wp-json\/wp\/v2\/pages\/6434\/revisions\/6435"}],"wp:attachment":[{"href":"https:\/\/thewallstreetfan.com\/es\/wp-json\/wp\/v2\/media?parent=6434"}],"curies":[{"name":"wp","href":"https:\/\/api.w.org\/{rel}","templated":true}]}}