{"id":58,"date":"2024-08-22T14:04:53","date_gmt":"2024-08-22T14:04:53","guid":{"rendered":"http:\/\/localhost\/wp-multisite\/?page_id=57"},"modified":"2025-01-13T09:22:20","modified_gmt":"2025-01-13T09:22:20","slug":"e-book","status":"publish","type":"page","link":"https:\/\/thewallstreetfan.com\/es\/e-book\/","title":{"rendered":"Libro electr\u00f3nico"},"content":{"rendered":"\n<div class=\"xxl-box\">\n<h3>GU\u00cdA INTRODUCTORIA AL NEGOCIO DEL TRADING ONLINE<\/h3>\n<p class=\"mt-0\">Cada trader que ingresa al mundo del trading aprende y estructura su propia estrategia de trading. Para hacerlo\ncon el m\u00e1ximo conocimiento, debe necesariamente comprender la din\u00e1mica, los conceptos y las herramientas del trading. Sin los\nconocimientos y las habilidades adecuados es muy dif\u00edcil poner en marcha una estrategia que sea satisfactoria. Por eso, <span class=\"text-bold\">FXORO<\/span> Global ha\noptado por ofrecer a sus clientes una gu\u00eda detallada, donde puedan aprender las principales reglas y las ideas m\u00e1s importantes\nde la inversi\u00f3n en los mercados.<\/p>\n<\/div>\n<div class=\"accordion-wrap\">\n<div class=\"accordion\">\n<span class=\"icon\"><\/span><h4>GU\u00cdA DE TRADING GLOBAL DE FXORO: \u00bfQU\u00c9 ES?<\/h4>\n<\/div>\n<div class=\"panel\">\n<p><strong>La Gu\u00eda de Trading Global de FXORO<\/strong> tiene como objetivo acompa\u00f1ar al trader para lograr un buen nivel de <strong>competencia y comprensi\u00f3n de la\ndin\u00e1mica del trading<\/strong>. En detalle, esta gu\u00eda ayuda al inversor a comprender las nociones principales sobre los mercados y cu\u00e1les\nson los riesgos que se deben evitar por completo.<\/p>\n<\/div>\n<div class=\"accordion\">\n<span class=\"icon\"><\/span><h4>\u00bfQU\u00c9 CONTIENE LA GU\u00cdA DE TRADING GLOBAL DE FXORO?<\/h4>\n<\/div>\n<div class=\"panel\">\n<p><strong>La Gu\u00eda de Trading Global de FXORO<\/strong> tiene 11 secciones diferentes. Las primeras tres est\u00e1n dedicadas a una introducci\u00f3n general al mercado de divisas, la <strong>diferencia entre trading fundamental y t\u00e9cnico<\/strong> y la explicaci\u00f3n de los gr\u00e1ficos de velas, que son esenciales\npara aprender a operar correctamente.<\/p>\n<p>A continuaci\u00f3n se explican algunos conceptos muy importantes, como tendencias, soporte, resistencia, marcos temporales e indicadores t\u00e9cnicos. Se da una importancia relevante a las <strong>diferentes estrategias comerciales<\/strong> y a los <strong>componentes psicol\u00f3gicos<\/strong> de la gesti\u00f3n\ndel dinero.<\/p>\n<\/div>\n<div class=\"accordion\">\n<span class=\"icon\"><\/span><h4>C\u00d3MO DESCARGAR LA GU\u00cdA GLOBAL DE FXORO EN FORMATO E-BOOK<\/h4>\n<\/div>\n<div class=\"panel\">\n<p><strong>Descargar el libro electr\u00f3nico de la Gu\u00eda Global de Trading de FXORO<\/strong> es realmente muy sencillo, solo haga clic en la imagen titulada \u201cGu\u00eda introductoria\nal negocio de trading online\u201d. El <strong>PDF del libro electr\u00f3nico<\/strong> puede resultar inmediatamente un apoyo fundamental para los traders que deseen tener informaci\u00f3n detallada sobre la actividad de trading.<\/p>\n<\/div>\n<\/div>\n","protected":false},"excerpt":{"rendered":"<p>GU\u00cdA INTRODUCTORIA AL NEGOCIO DEL TRADING ONLINE Cada trader que ingresa al mundo del trading aprende y estructura su propia estrategia de trading. Para hacerlo con el m\u00e1ximo conocimiento, debe necesariamente comprender la din\u00e1mica, los conceptos y las herramientas del trading. Sin los conocimientos y las habilidades adecuados es muy dif\u00edcil poner en marcha una [&hellip;]<\/p>\n","protected":false},"author":1,"featured_media":0,"parent":0,"menu_order":0,"comment_status":"closed","ping_status":"closed","template":"page-templates\/E-book.php","meta":{"_acf_changed":false,"footnotes":""},"class_list":["post-58","page","type-page","status-publish","hentry"],"aioseo_notices":[],"acf":[],"_links":{"self":[{"href":"https:\/\/thewallstreetfan.com\/es\/wp-json\/wp\/v2\/pages\/58","targetHints":{"allow":["GET"]}}],"collection":[{"href":"https:\/\/thewallstreetfan.com\/es\/wp-json\/wp\/v2\/pages"}],"about":[{"href":"https:\/\/thewallstreetfan.com\/es\/wp-json\/wp\/v2\/types\/page"}],"author":[{"embeddable":true,"href":"https:\/\/thewallstreetfan.com\/es\/wp-json\/wp\/v2\/users\/1"}],"replies":[{"embeddable":true,"href":"https:\/\/thewallstreetfan.com\/es\/wp-json\/wp\/v2\/comments?post=58"}],"version-history":[{"count":1,"href":"https:\/\/thewallstreetfan.com\/es\/wp-json\/wp\/v2\/pages\/58\/revisions"}],"predecessor-version":[{"id":621,"href":"https:\/\/thewallstreetfan.com\/es\/wp-json\/wp\/v2\/pages\/58\/revisions\/621"}],"wp:attachment":[{"href":"https:\/\/thewallstreetfan.com\/es\/wp-json\/wp\/v2\/media?parent=58"}],"curies":[{"name":"wp","href":"https:\/\/api.w.org\/{rel}","templated":true}]}}