{"id":54,"date":"2024-08-22T14:04:09","date_gmt":"2024-08-22T14:04:09","guid":{"rendered":"http:\/\/localhost\/wp-multisite\/?page_id=49"},"modified":"2025-02-10T13:52:31","modified_gmt":"2025-02-10T13:52:31","slug":"cuenta-islamica","status":"publish","type":"page","link":"https:\/\/thewallstreetfan.com\/es\/cuenta-islamica\/","title":{"rendered":"Cuenta isl\u00e1mica"},"content":{"rendered":"\n<div class=\"xxl-box\">\n  <p class=\"mt-0\">\n    Las cuentas isl\u00e1micas forex son conocidas tambi\u00e9n como cuentas sin swap\n    porque no implican intereses de swap o rollover en posiciones overnight, ya\n    que van en contra de la fe isl\u00e1mica. La cuenta de trading cumple con la ley\n    de la shar\u00eda permitiendo que los operadores aprovechen la tecnolog\u00eda de\n    trading vanguardista y la profunda liquidez de\n    <span class=\"text-bold\">FXORO<\/span> Global\n  <\/p>\n  <h3>C\u00f3mo abrir una cuenta isl\u00e1mica forex:<\/h3>\n  <ul class=\"list-style-big-bullets\">\n    <li>Abra una cuenta de trading con nosotros<\/li>\n    <li>Solicite una cuenta isl\u00e1mica.<\/li>\n    <li>Acceda al \u00e1rea de miembros y valide su cuenta.<\/li>\n    <li>\n      En cuanto el departamento pertinente reciba su solicitud, su cuenta de trading recibir\u00e1 el estatus sin swap y se le notificar\u00e1 debidamente mediante email.\n    <\/li>\n  <\/ul>\n  <h3>Lo que tiene que saber<\/h3>\n  <ul class=\"list-style-big-bullets\">\n    <li>La cuenta isl\u00e1mica es solo para la divisa base USD.<\/li>\n    <li>\n     Cuando cambia su tipo de cuenta a Sin Swap, los cargos administrativos dependen solo del instrumento y del n\u00famero de lotes abiertos.\n    <\/li>\n    <li>No hay cargos por intereses\/swap en posiciones overnight.<\/li>\n    <li>Sin ampliaci\u00f3n de diferenciales.<\/li>\n    <li>\n      Cuando cambia su tipo de cuenta a Sin Swap, no se le cobran swaps; no obstante, paga los cargos administrativos overnight fijos para posiciones abiertas.\n    <\/li>\n    <li>\n      <span class=\"text-bold\">FXORO<\/span> Global se reserva el derecho de revocar el estatus sin swap concedido a cualquier cuenta de trading real en cualquier momento sin proporcionar ninguna raz\u00f3n y\/o aviso previo. Si la Compa\u00f1\u00eda deshabilita el servicio, se le cobrar\u00e1n swaps de acuerdo con las condiciones especificadas en la p\u00e1gina web oficial.\n    <\/li>\n  <\/ul>\n<\/div>\n<h3 class=\"mt-1\">LAS CARACTER\u00cdSTICAS DE LA CUENTA ISL\u00c1MICA<\/h3>\n<div>\n  <div class=\"table-wrap table-custom-col-wrap\">\n    <table class=\"lg-box\">\n      <tr>\n        <th>Instrumento<\/th>\n        <th>Cargos administrativos por lote (USD)<\/th>\n      <\/tr>\n      <tr>\n        <td>\n          AUDNZD, CADCHF, CADJPY, CHFJPY, EURCAD, EURCHF, EURGBP, EURJPY,\n          EURUSD, GBPCAD, GBPCHF, GBPJPY, GBPUSD, NZDCAD, USDCAD, USDCHF, USDJPY\n        <\/td>\n        <td>10<\/td>\n      <\/tr>\n      <tr>\n        <td>COFFEE, SUGAR, WHEAT, SOYBEAN, CORN, COCOA, COTTON<\/td>\n        <td>15<\/td>\n      <\/tr>\n      <tr>\n        <td>\n          AUDCAD, AUDCHF, AUDJPY, AUDUSD, EURAUD, EURNZD, GBPNZD, NZDCHF,\n          NZDJPY, NZDUSD, USDDKK, NGAS\n        <\/td>\n        <td>20<\/td>\n      <\/tr>\n      <tr>\n        <td>\n          EURNOK, EURPLN, GBPAUD, USDNOK, USDPLN, USDSGD, GOLD, SILVER,\n          PLATINUM, COPP\n        <\/td>\n        <td>30<\/td>\n      <\/tr>\n      <tr>\n        <td>\n          EURHUF, EURSEK, USDHUF, USDSEK, EURZAR, USDZAR, EURILS, USDILS,\n          USDMXN, USDRUB, OIL, BRENT\n        <\/td>\n        <td>40<\/td>\n      <\/tr>\n      <tr>\n        <td>\n          POL20, FRA40, GER40, US30, EUR50, UK100, IT40, SPA35, NAS100, JPN225,\n          US2000, US500, SWI20, USDX, AUS200, US STOCKS, EUROPE STOCKS,\n          CANNABISDX, GAMINGDX, AIIDX, MAGSIDX, LATAMIDX\n        <\/td>\n        <td>50<\/td>\n      <\/tr>\n      <tr>\n        <td>EURTRY, USDTRY<\/td>\n        <td>100<\/td>\n      <\/tr>\n    <\/table>\n  <\/div>\n<\/div>\n\n","protected":false},"excerpt":{"rendered":"<p>Las cuentas isl\u00e1micas forex son conocidas tambi\u00e9n como cuentas sin swap porque no implican intereses de swap o rollover en posiciones overnight, ya que van en contra de la fe isl\u00e1mica. La cuenta de trading cumple con la ley de la shar\u00eda permitiendo que los operadores aprovechen la tecnolog\u00eda de trading vanguardista y la profunda [&hellip;]<\/p>\n","protected":false},"author":1,"featured_media":0,"parent":0,"menu_order":0,"comment_status":"closed","ping_status":"closed","template":"page-templates\/IslamicAccount.php","meta":{"_acf_changed":false,"footnotes":""},"class_list":["post-54","page","type-page","status-publish","hentry"],"aioseo_notices":[],"acf":[],"_links":{"self":[{"href":"https:\/\/thewallstreetfan.com\/es\/wp-json\/wp\/v2\/pages\/54","targetHints":{"allow":["GET"]}}],"collection":[{"href":"https:\/\/thewallstreetfan.com\/es\/wp-json\/wp\/v2\/pages"}],"about":[{"href":"https:\/\/thewallstreetfan.com\/es\/wp-json\/wp\/v2\/types\/page"}],"author":[{"embeddable":true,"href":"https:\/\/thewallstreetfan.com\/es\/wp-json\/wp\/v2\/users\/1"}],"replies":[{"embeddable":true,"href":"https:\/\/thewallstreetfan.com\/es\/wp-json\/wp\/v2\/comments?post=54"}],"version-history":[{"count":1,"href":"https:\/\/thewallstreetfan.com\/es\/wp-json\/wp\/v2\/pages\/54\/revisions"}],"predecessor-version":[{"id":616,"href":"https:\/\/thewallstreetfan.com\/es\/wp-json\/wp\/v2\/pages\/54\/revisions\/616"}],"wp:attachment":[{"href":"https:\/\/thewallstreetfan.com\/es\/wp-json\/wp\/v2\/media?parent=54"}],"curies":[{"name":"wp","href":"https:\/\/api.w.org\/{rel}","templated":true}]}}