{"id":241,"date":"2024-11-25T10:20:08","date_gmt":"2024-11-25T10:20:08","guid":{"rendered":"https:\/\/thewallstreetfan.com\/?page_id=241"},"modified":"2025-01-13T11:21:10","modified_gmt":"2025-01-13T11:21:10","slug":"web-tv","status":"publish","type":"page","link":"https:\/\/thewallstreetfan.com\/es\/web-tv\/","title":{"rendered":"WEB TV:\u00a0|UN SERVICIO \u00daNICO EN EL MUNDO DEL COMERCIO"},"content":{"rendered":"\n<section>\n          <div class=\"normal-container\">\n            <div class=\"container row\">\n              <div class=\"xxl-box\">\n                <p class=\"mt-0\">Si se trata de una novedad, probablemente la encontrar\u00e1 en la secci\u00f3n <strong>TC Web TV.<\/strong>\n                  Reporteros profesionales graban en directo desde el parqu\u00e9 de la Bolsa de Nueva York y le presentan las fluctuaciones del mercado en tiempo real, las situaciones de negociaci\u00f3n y le ofrecen un comentario financiero adecuado y profesional. Todos los activos comerciales populares son analizados, puestos en contexto y seguidos para que usted est\u00e9 al tanto de sus \u00faltimas actualizaciones y los utilice en consecuencia.<\/p>\n                <p>Reg\u00edstrese en <span class=\"text-bold\">FXORO<\/span> Global t hoy mismo o inicie sesi\u00f3n en su cuenta para acceder a esta funci\u00f3n.<\/p>\n              <\/div>\n            <\/div>\n          <\/div>\n        <\/section>\n\n        <section>\n          <div class=\"normal-container py-0\">\n            <div class=\"container row\">\n              <div class=\"xxl-box\">\n                <div class=\"second-btn text-center\">\n            <a href=\"https:\/\/my.thewallstreetfan.com\/es\/registrarse\" target=\"_blank\" class=\"btn\">Registrarse<\/a>\n            <p>El trading es arriesgado.<\/p>\n        <\/div>\n              <\/div>\n            <\/div>\n          <\/div>\n        <\/section>\n\n        <section>\n          <div class=\"normal-container\">\n            <div class=\"container row\">\n              <div class=\"xxl-box\">\n                <p class=\"mt-0 text-italic\"><strong>Descargo de responsabilidad:<\/strong> La informaci\u00f3n\n          proporcionada en este documento tiene \u00fanicamente fines informativos.\n          Los clientes son responsables de su actividad comercial. La Compa\u00f1\u00eda\n          no brinda asesoramiento de inversi\u00f3n. El cliente decidir\u00e1\n          exclusivamente por su cuenta si desea suscribirse y utilizar alguno de\n          los servicios ofrecidos. El resultado pasado no es indicador de\n          resultados en el futuro.<\/p>\n              <\/div>\n            <\/div>\n          <\/div>\n        <\/section>\n","protected":false},"excerpt":{"rendered":"<p>Si se trata de una novedad, probablemente la encontrar\u00e1 en la secci\u00f3n TC Web TV. Reporteros profesionales graban en directo desde el parqu\u00e9 de la Bolsa de Nueva York y le presentan las fluctuaciones del mercado en tiempo real, las situaciones de negociaci\u00f3n y le ofrecen un comentario financiero adecuado y profesional. Todos los activos [&hellip;]<\/p>\n","protected":false},"author":1,"featured_media":0,"parent":0,"menu_order":0,"comment_status":"closed","ping_status":"closed","template":"page-templates\/WebTV.php","meta":{"_acf_changed":false,"footnotes":""},"class_list":["post-241","page","type-page","status-publish","hentry"],"aioseo_notices":[],"acf":[],"_links":{"self":[{"href":"https:\/\/thewallstreetfan.com\/es\/wp-json\/wp\/v2\/pages\/241","targetHints":{"allow":["GET"]}}],"collection":[{"href":"https:\/\/thewallstreetfan.com\/es\/wp-json\/wp\/v2\/pages"}],"about":[{"href":"https:\/\/thewallstreetfan.com\/es\/wp-json\/wp\/v2\/types\/page"}],"author":[{"embeddable":true,"href":"https:\/\/thewallstreetfan.com\/es\/wp-json\/wp\/v2\/users\/1"}],"replies":[{"embeddable":true,"href":"https:\/\/thewallstreetfan.com\/es\/wp-json\/wp\/v2\/comments?post=241"}],"version-history":[{"count":1,"href":"https:\/\/thewallstreetfan.com\/es\/wp-json\/wp\/v2\/pages\/241\/revisions"}],"predecessor-version":[{"id":647,"href":"https:\/\/thewallstreetfan.com\/es\/wp-json\/wp\/v2\/pages\/241\/revisions\/647"}],"wp:attachment":[{"href":"https:\/\/thewallstreetfan.com\/es\/wp-json\/wp\/v2\/media?parent=241"}],"curies":[{"name":"wp","href":"https:\/\/api.w.org\/{rel}","templated":true}]}}