{"id":239,"date":"2024-11-25T10:19:34","date_gmt":"2024-11-25T10:19:34","guid":{"rendered":"https:\/\/thewallstreetfan.com\/?page_id=239"},"modified":"2025-01-13T11:14:58","modified_gmt":"2025-01-13T11:14:58","slug":"technical-view","status":"publish","type":"page","link":"https:\/\/thewallstreetfan.com\/es\/technical-view\/","title":{"rendered":"TECHNICAL VIEW:\u00a0|PROBABLEMENTE UNO DE LOS MEJORES AN\u00c1LISIS POSIBLES PARA ELABORAR SUS OPERACIONES"},"content":{"rendered":"\n<section>\n  <div class=\"normal-container\">\n    <div class=\"container row\">\n      <div class=\"xxl-box\">\n        <p class=\"mt-0\">\n          <strong\n            >TC Combinaci\u00f3n de vista t\u00e9cnica la experiencia de analistas\n            experimentados con algoritmos automatizados de vanguardia<\/strong\n          >,lo que la convierte en la \u00fanica soluci\u00f3n global de investigaci\u00f3n de\n          mercados financieros de su clase. Su sistema patentado de\n          reconocimiento de patrones escanea sistem\u00e1ticamente el mercado para\n          dise\u00f1ar planes de negociaci\u00f3n viables basados en metodolog\u00edas\n          galardonadas. Los experimentados t\u00e9cnicos de mercado de Trading\n          Central autentifican los an\u00e1lisis, garantizando que s\u00f3lo se publique\n          informaci\u00f3n de la m\u00e1xima calidad.\n        <\/p>\n        <p>\n          Technical View proporciona una visi\u00f3n l\u00facida del panorama t\u00e9cnico,\n          ayud\u00e1ndole a anticipar las futuras tendencias del mercado. Su\n          tecnolog\u00eda patentada de reconocimiento de patrones escanea\n          continuamente el mercado,\n          <strong\n            >ofreciendo gesti\u00f3n completa de posiciones en m\u00e1s de 8.000\n            instrumentos<\/strong\n          >.\n        <\/p>\n        <p>\n          Reg\u00edstrese en <span class=\"text-bold\">FXORO<\/span> Global hoy mismo o\n          inicie sesi\u00f3n en su cuenta para acceder a esta funci\u00f3n.\n        <\/p>\n      <\/div>\n    <\/div>\n  <\/div>\n<\/section>\n\n<section>\n  <div class=\"normal-container py-0\">\n    <div class=\"container row\">\n      <div class=\"xxl-box\"><div class=\"second-btn text-center\">\n            <a href=\"https:\/\/my.thewallstreetfan.com\/es\/registrarse\" target=\"_blank\" class=\"btn\">Registrarse<\/a>\n            <p>El trading es arriesgado.<\/p>\n        <\/div><\/div>\n    <\/div>\n  <\/div>\n<\/section>\n\n<section>\n  <div class=\"normal-container\">\n    <div class=\"container row\">\n      <div class=\"xxl-box\">\n        <p class=\"mt-0 text-italic\">\n          <strong>Descargo de responsabilidad:<\/strong> La informaci\u00f3n\n          proporcionada en este documento tiene \u00fanicamente fines informativos.\n          Los clientes son responsables de su actividad comercial. La Compa\u00f1\u00eda\n          no brinda asesoramiento de inversi\u00f3n. El cliente decidir\u00e1\n          exclusivamente por su cuenta si desea suscribirse y utilizar alguno de\n          los servicios ofrecidos. El resultado pasado no es indicador de\n          resultados en el futuro.\n        <\/p>\n      <\/div>\n    <\/div>\n  <\/div>\n<\/section>\n","protected":false},"excerpt":{"rendered":"<p>TC Combinaci\u00f3n de vista t\u00e9cnica la experiencia de analistas experimentados con algoritmos automatizados de vanguardia,lo que la convierte en la \u00fanica soluci\u00f3n global de investigaci\u00f3n de mercados financieros de su clase. Su sistema patentado de reconocimiento de patrones escanea sistem\u00e1ticamente el mercado para dise\u00f1ar planes de negociaci\u00f3n viables basados en metodolog\u00edas galardonadas. Los experimentados t\u00e9cnicos [&hellip;]<\/p>\n","protected":false},"author":1,"featured_media":0,"parent":0,"menu_order":0,"comment_status":"closed","ping_status":"closed","template":"page-templates\/TehnicalView.php","meta":{"_acf_changed":false,"footnotes":""},"class_list":["post-239","page","type-page","status-publish","hentry"],"aioseo_notices":[],"acf":[],"_links":{"self":[{"href":"https:\/\/thewallstreetfan.com\/es\/wp-json\/wp\/v2\/pages\/239","targetHints":{"allow":["GET"]}}],"collection":[{"href":"https:\/\/thewallstreetfan.com\/es\/wp-json\/wp\/v2\/pages"}],"about":[{"href":"https:\/\/thewallstreetfan.com\/es\/wp-json\/wp\/v2\/types\/page"}],"author":[{"embeddable":true,"href":"https:\/\/thewallstreetfan.com\/es\/wp-json\/wp\/v2\/users\/1"}],"replies":[{"embeddable":true,"href":"https:\/\/thewallstreetfan.com\/es\/wp-json\/wp\/v2\/comments?post=239"}],"version-history":[{"count":5,"href":"https:\/\/thewallstreetfan.com\/es\/wp-json\/wp\/v2\/pages\/239\/revisions"}],"predecessor-version":[{"id":642,"href":"https:\/\/thewallstreetfan.com\/es\/wp-json\/wp\/v2\/pages\/239\/revisions\/642"}],"wp:attachment":[{"href":"https:\/\/thewallstreetfan.com\/es\/wp-json\/wp\/v2\/media?parent=239"}],"curies":[{"name":"wp","href":"https:\/\/api.w.org\/{rel}","templated":true}]}}