{"id":237,"date":"2024-11-25T10:18:51","date_gmt":"2024-11-25T10:18:51","guid":{"rendered":"https:\/\/thewallstreetfan.com\/?page_id=237"},"modified":"2025-01-13T11:18:22","modified_gmt":"2025-01-13T11:18:22","slug":"tc-newsletter","status":"publish","type":"page","link":"https:\/\/thewallstreetfan.com\/es\/tc-newsletter\/","title":{"rendered":"TC NEWSLETTER:\u00a0|NOTICIAS RECIENTES E IMPORTANTES QUE DEBE CONOCER"},"content":{"rendered":"\n<section>\n  <div class=\"normal-container\">\n    <div class=\"container row\">\n      <div class=\"xxl-box\">\n        <p class=\"mt-0\">\n          Ad\u00e9ntrese en el mundo de los mercados financieros y adapte su\n          experiencia de lectura a sus intereses personales. Vaya un paso por\n          delante de la corriente con los acontecimientos m\u00e1s actualizados,\n          recibidos en su bandeja de entrada, en su ordenador o dispositivo\n          m\u00f3vil. Utilice el Bolet\u00edn TC para conocer\n          <strong>acerca de las \u00faltimas noticias financieras, planes de negociaci\u00f3n\n            procesables y obtenga una visi\u00f3n general de los mercados por parte\n            de expertos.<\/strong>\n        <\/p>\n        <p>\n          Reg\u00edstrese en <span class=\"text-bold\">FXORO<\/span> Global hoy mismo o inicie sesi\u00f3n en su cuenta para acceder a esta funci\u00f3n.\n        <\/p>\n      <\/div>\n    <\/div>\n  <\/div>\n<\/section>\n\n<section>\n  <div class=\"normal-container py-0\">\n    <div class=\"container row\">\n      <div class=\"xxl-box\"><div class=\"second-btn text-center\">\n            <a href=\"https:\/\/my.thewallstreetfan.com\/es\/registrarse\" target=\"_blank\" class=\"btn\">Registrarse<\/a>\n            <p>El trading es arriesgado.<\/p>\n        <\/div><\/div>\n    <\/div>\n  <\/div>\n<\/section>\n\n<section>\n  <div class=\"normal-container\">\n    <div class=\"container row\">\n      <div class=\"xxl-box\">\n        <p class=\"mt-0 text-italic\">\n          <strong>Descargo de responsabilidad:<\/strong> La informaci\u00f3n\n          proporcionada en este documento tiene \u00fanicamente fines informativos.\n          Los clientes son responsables de su actividad comercial. La Compa\u00f1\u00eda\n          no brinda asesoramiento de inversi\u00f3n. El cliente decidir\u00e1\n          exclusivamente por su cuenta si desea suscribirse y utilizar alguno de\n          los servicios ofrecidos. El resultado pasado no es indicador de\n          resultados en el futuro.\n        <\/p>\n      <\/div>\n    <\/div>\n  <\/div>\n<\/section>\n\n","protected":false},"excerpt":{"rendered":"<p>Ad\u00e9ntrese en el mundo de los mercados financieros y adapte su experiencia de lectura a sus intereses personales. Vaya un paso por delante de la corriente con los acontecimientos m\u00e1s actualizados, recibidos en su bandeja de entrada, en su ordenador o dispositivo m\u00f3vil. Utilice el Bolet\u00edn TC para conocer acerca de las \u00faltimas noticias financieras, [&hellip;]<\/p>\n","protected":false},"author":1,"featured_media":0,"parent":0,"menu_order":0,"comment_status":"closed","ping_status":"closed","template":"page-templates\/TCNewsletter.php","meta":{"_acf_changed":false,"footnotes":""},"class_list":["post-237","page","type-page","status-publish","hentry"],"aioseo_notices":[],"acf":[],"_links":{"self":[{"href":"https:\/\/thewallstreetfan.com\/es\/wp-json\/wp\/v2\/pages\/237","targetHints":{"allow":["GET"]}}],"collection":[{"href":"https:\/\/thewallstreetfan.com\/es\/wp-json\/wp\/v2\/pages"}],"about":[{"href":"https:\/\/thewallstreetfan.com\/es\/wp-json\/wp\/v2\/types\/page"}],"author":[{"embeddable":true,"href":"https:\/\/thewallstreetfan.com\/es\/wp-json\/wp\/v2\/users\/1"}],"replies":[{"embeddable":true,"href":"https:\/\/thewallstreetfan.com\/es\/wp-json\/wp\/v2\/comments?post=237"}],"version-history":[{"count":1,"href":"https:\/\/thewallstreetfan.com\/es\/wp-json\/wp\/v2\/pages\/237\/revisions"}],"predecessor-version":[{"id":644,"href":"https:\/\/thewallstreetfan.com\/es\/wp-json\/wp\/v2\/pages\/237\/revisions\/644"}],"wp:attachment":[{"href":"https:\/\/thewallstreetfan.com\/es\/wp-json\/wp\/v2\/media?parent=237"}],"curies":[{"name":"wp","href":"https:\/\/api.w.org\/{rel}","templated":true}]}}