{"id":235,"date":"2024-11-25T10:17:41","date_gmt":"2024-11-25T10:17:41","guid":{"rendered":"https:\/\/thewallstreetfan.com\/?page_id=235"},"modified":"2025-01-13T11:13:01","modified_gmt":"2025-01-13T11:13:01","slug":"tc-market-buzz","status":"publish","type":"page","link":"https:\/\/thewallstreetfan.com\/es\/tc-market-buzz\/","title":{"rendered":"TC MARKET BUZZ:\u00a0|COMPRUEBE QU\u00c9 VALORES Y TEMAS EST\u00c1N LITERALMENTE \u201cZUMBANDO\u201d"},"content":{"rendered":"\n<section>\n  <div class=\"normal-container\">\n    <div class=\"container row\">\n      <div class=\"xxl-box\">\n        <p class=\"mt-0\">\n          Entendiendo que los inversores a menudo hacen malabarismos con agendas\n          ocupadas y tiempo de lectura limitado, les presentamos TC Market Buzz;\n          una caracter\u00edstica innovadora y f\u00e1cil de usar que proporciona noticias\n          instant\u00e1neas del mercado.\n        <\/p>\n        <p>\n          TC Market Buzz examina diariamente decenas de miles de canales de\n          redes sociales, blogs y sitios de noticias de buena reputaci\u00f3n,\n          brindando una descripci\u00f3n general precisa de las \u00faltimas\n          conversaciones del mercado sobre cualquier producto determinado.\n        <\/p>\n        <p>\n          Esto le permite verificar varias fuentes de informaci\u00f3n y obtener una\n          comprensi\u00f3n clara que lo ayudar\u00e1 durante su plan de trading.\n        <\/p>\n        <p>\n          Reg\u00edstrese en <span class=\"text-bold\">FXORO<\/span> Global hoy mismo o\n          inicie sesi\u00f3n en su cuenta para acceder a esta funci\u00f3n.\n        <\/p>\n      <\/div>\n    <\/div>\n  <\/div>\n<\/section>\n\n<section>\n  <div class=\"normal-container py-0\">\n    <div class=\"container row\">\n      <div class=\"xxl-box\"><div class=\"second-btn text-center\">\n            <a href=\"https:\/\/my.thewallstreetfan.com\/es\/registrarse\" target=\"_blank\" class=\"btn\">Registrarse<\/a>\n            <p>El trading es arriesgado.<\/p>\n        <\/div><\/div>\n    <\/div>\n  <\/div>\n<\/section>\n\n<section>\n  <div class=\"normal-container\">\n    <div class=\"container row\">\n      <div class=\"xxl-box\">\n        <p class=\"mt-0 text-italic\">\n          <strong>Descargo de responsabilidad:<\/strong> La informaci\u00f3n proporcionada en este documento tiene \u00fanicamente fines informativos. Los clientes son responsables de su actividad comercial. La Compa\u00f1\u00eda no brinda asesoramiento de inversi\u00f3n. El cliente decidir\u00e1 exclusivamente por su cuenta si desea suscribirse y utilizar alguno de los servicios ofrecidos. El resultado pasado no es indicador de resultados en el futuro.\n        <\/p>\n      <\/div>\n    <\/div>\n  <\/div>\n<\/section>\n\n","protected":false},"excerpt":{"rendered":"<p>Entendiendo que los inversores a menudo hacen malabarismos con agendas ocupadas y tiempo de lectura limitado, les presentamos TC Market Buzz; una caracter\u00edstica innovadora y f\u00e1cil de usar que proporciona noticias instant\u00e1neas del mercado. TC Market Buzz examina diariamente decenas de miles de canales de redes sociales, blogs y sitios de noticias de buena reputaci\u00f3n, [&hellip;]<\/p>\n","protected":false},"author":1,"featured_media":0,"parent":0,"menu_order":0,"comment_status":"closed","ping_status":"closed","template":"page-templates\/TCMarketBuzz.php","meta":{"_acf_changed":false,"footnotes":""},"class_list":["post-235","page","type-page","status-publish","hentry"],"aioseo_notices":[],"acf":[],"_links":{"self":[{"href":"https:\/\/thewallstreetfan.com\/es\/wp-json\/wp\/v2\/pages\/235","targetHints":{"allow":["GET"]}}],"collection":[{"href":"https:\/\/thewallstreetfan.com\/es\/wp-json\/wp\/v2\/pages"}],"about":[{"href":"https:\/\/thewallstreetfan.com\/es\/wp-json\/wp\/v2\/types\/page"}],"author":[{"embeddable":true,"href":"https:\/\/thewallstreetfan.com\/es\/wp-json\/wp\/v2\/users\/1"}],"replies":[{"embeddable":true,"href":"https:\/\/thewallstreetfan.com\/es\/wp-json\/wp\/v2\/comments?post=235"}],"version-history":[{"count":1,"href":"https:\/\/thewallstreetfan.com\/es\/wp-json\/wp\/v2\/pages\/235\/revisions"}],"predecessor-version":[{"id":639,"href":"https:\/\/thewallstreetfan.com\/es\/wp-json\/wp\/v2\/pages\/235\/revisions\/639"}],"wp:attachment":[{"href":"https:\/\/thewallstreetfan.com\/es\/wp-json\/wp\/v2\/media?parent=235"}],"curies":[{"name":"wp","href":"https:\/\/api.w.org\/{rel}","templated":true}]}}