{"id":233,"date":"2024-11-25T10:16:30","date_gmt":"2024-11-25T10:16:30","guid":{"rendered":"https:\/\/thewallstreetfan.com\/?page_id=233"},"modified":"2025-01-13T11:09:24","modified_gmt":"2025-01-13T11:09:24","slug":"alpha-generation","status":"publish","type":"page","link":"https:\/\/thewallstreetfan.com\/es\/alpha-generation\/","title":{"rendered":"ALPHA GENERATION:\u00a0|PROBABLEMENTE UNO DE LOS MEJORES AN\u00c1LISIS POSIBLES PARA ELABORAR SUS OPERACIONES"},"content":{"rendered":"\n<section>\n  <div class=\"normal-container\">\n    <div class=\"container row\">\n      <div class=\"xxl-box\">\n        <p class=\"mt-0\">Esta funci\u00f3n est\u00e1 equipada con <strong>tres indicadores innovadores dise\u00f1ados para reforzar el proceso de toma de decisiones mediante el conocimiento de la psicolog\u00eda del mercado<\/strong> y destacando los posibles puntos de entrada y salida. Estos indicadores se integran perfectamente con los gr\u00e1ficos familiares de Meta Trader MT4, mejorando a\u00fan m\u00e1s su experiencia de trading.<\/p>\n        <p>Este plug-in est\u00e1 disponible para los Traders de <span class=\"text-bold\">FXORO<\/span> Global Aseg\u00farese de discutirlo con un representante de <span class=\"text-bold\">FXORO<\/span> Global y utilizarlo en su actividad comercial.<\/p>\n        <p>Reg\u00edstrese en <span class=\"text-bold\">FXORO<\/span> Global hoy mismo o inicie sesi\u00f3n en su cuenta para acceder a este plug-in.<\/p>\n      <\/div>\n    <\/div>\n  <\/div>\n<\/section>\n\n<section>\n  <div class=\"normal-container py-0\">\n    <div class=\"container row\">\n      <div class=\"xxl-box\">\n        <div class=\"second-btn text-center\">\n            <a href=\"https:\/\/my.thewallstreetfan.com\/es\/registrarse\" target=\"_blank\" class=\"btn\">Registrarse<\/a>\n            <p>El trading es arriesgado.<\/p>\n        <\/div>\n      <\/div>\n    <\/div>\n  <\/div>\n<\/section>\n\n<section>\n  <div class=\"normal-container\">\n    <div class=\"container row\">\n      <div class=\"xxl-box\">\n      <p class=\"mt-0 text-italic\"><strong>Descargo de responsabilidad:<\/strong> La informaci\u00f3n proporcionada en este documento tiene \u00fanicamente fines informativos. Los clientes son responsables de su actividad comercial. La Compa\u00f1\u00eda no brinda asesoramiento de inversi\u00f3n. El cliente decidir\u00e1 exclusivamente por su cuenta si desea suscribirse y utilizar alguno de los servicios ofrecidos. El resultado pasado no es indicador de resultados en el futuro.<\/p>\n      <\/div>\n    <\/div>\n  <\/div>\n<\/section>\n","protected":false},"excerpt":{"rendered":"<p>Esta funci\u00f3n est\u00e1 equipada con tres indicadores innovadores dise\u00f1ados para reforzar el proceso de toma de decisiones mediante el conocimiento de la psicolog\u00eda del mercado y destacando los posibles puntos de entrada y salida. Estos indicadores se integran perfectamente con los gr\u00e1ficos familiares de Meta Trader MT4, mejorando a\u00fan m\u00e1s su experiencia de trading. Este [&hellip;]<\/p>\n","protected":false},"author":1,"featured_media":0,"parent":0,"menu_order":0,"comment_status":"closed","ping_status":"closed","template":"page-templates\/AlphaGeneration.php","meta":{"_acf_changed":false,"footnotes":""},"class_list":["post-233","page","type-page","status-publish","hentry"],"aioseo_notices":[],"acf":[],"_links":{"self":[{"href":"https:\/\/thewallstreetfan.com\/es\/wp-json\/wp\/v2\/pages\/233","targetHints":{"allow":["GET"]}}],"collection":[{"href":"https:\/\/thewallstreetfan.com\/es\/wp-json\/wp\/v2\/pages"}],"about":[{"href":"https:\/\/thewallstreetfan.com\/es\/wp-json\/wp\/v2\/types\/page"}],"author":[{"embeddable":true,"href":"https:\/\/thewallstreetfan.com\/es\/wp-json\/wp\/v2\/users\/1"}],"replies":[{"embeddable":true,"href":"https:\/\/thewallstreetfan.com\/es\/wp-json\/wp\/v2\/comments?post=233"}],"version-history":[{"count":1,"href":"https:\/\/thewallstreetfan.com\/es\/wp-json\/wp\/v2\/pages\/233\/revisions"}],"predecessor-version":[{"id":635,"href":"https:\/\/thewallstreetfan.com\/es\/wp-json\/wp\/v2\/pages\/233\/revisions\/635"}],"wp:attachment":[{"href":"https:\/\/thewallstreetfan.com\/es\/wp-json\/wp\/v2\/media?parent=233"}],"curies":[{"name":"wp","href":"https:\/\/api.w.org\/{rel}","templated":true}]}}